{"id":1179,"date":"2017-01-27T16:43:18","date_gmt":"2017-01-27T15:43:18","guid":{"rendered":"http:\/\/devel.turismorural-eltorcal.com\/product\/villas-antisa\/"},"modified":"2022-11-13T13:05:35","modified_gmt":"2022-11-13T12:05:35","slug":"villa-antisa","status":"publish","type":"product","link":"https:\/\/turismorural-eltorcal.com\/fr\/maisons-rurales\/villa-antisa\/","title":{"rendered":"Villa Antisa"},"content":{"rendered":"<p><br \/>\nVilla Antisa, es una casa rural\u00a0que cuenta con la distinci\u00f3n \u201cCompromiso de Calidad Tur\u00edstica\u201d otorgada por el\u00a0Ministerio de Industria, Turismo y Comercio de Espa\u00f1a. Se trata\u00a0de una casa rural nueva, con piscina vallada, de estilo r\u00fastica y tradicional andaluz con grandes zonas de jardines muy cuidados y con plantas singulares, la casa\u00a0goza de un entorno privilegiado.<\/p>\n<p>La casa rural se encuentra muy cerca de la Higuera, a la que se accede desde la carretera de Villanueva.<\/p>\n<p>La casa se encuentra a 5\u00a0minutos en coche del pueblo de la Joya y a 10 minutos de Villanueva de la Concepci\u00f3n, en ambos se pueden encontrar\u00a0tiendas, panader\u00eda, estanco, la farmacia, bares y restaurantes.<\/p>\n<p>Su ubicaci\u00f3n en el centro de Andaluc\u00eda y cercan\u00eda a la autov\u00eda, le hace ser un punto ideal para visitar otras ciudades como Sevilla, C\u00f3rdoba o Granada.<\/p>\n<p>Otros puntos de inter\u00e9s cercanos son el Caminito del Rey y El Chorro, el Parque Natural Sierra de las Nieves, Marbella, Ronda o Antequera.<\/p>\n<p>Situaci\u00f3n: En el termino de Antequera, La Higuera, en el sur del paraje natural El Torcal.<\/p>\n<p>N\u00ba de registro: VTAR\/MA\/000390<\/p>\n<h2>Caracteristicas<\/h2>\n<p><strong>Distribuci\u00f3n:<\/strong><\/p>\n<ul>\n<li>1 Sal\u00f3n-Comedor con chimenea<\/li>\n<li>1 Cocina<\/li>\n<li>1 Dormitorio con cama de matrimonio<\/li>\n<li>1 Dormitorio con dos camas individuales<\/li>\n<li>1 Dormitorio con cama de matrimonio y una cama individual<\/li>\n<li>2 Cuartos de ba\u00f1os con ba\u00f1eras<\/li>\n<\/ul>\n<p><strong>Equipamiento:<\/strong><\/p>\n<ul>\n<li>S\u00e1banas para las camas y toallas<\/li>\n<li>1 Cuna<\/li>\n<li>Lavavajillas<\/li>\n<li>Lavadora<\/li>\n<li>Televisi\u00f3n + DVD: TV via Sat\u00e9lite<\/li>\n<li>Calefacci\u00f3n: Radiadores el\u00e9ctricos<\/li>\n<li>Internet (WIFI) gratuito<\/li>\n<\/ul>\n<p><strong>Exterior, jard\u00edn y piscina:<\/strong><\/p>\n<ul>\n<li>Barbacoa<\/li>\n<li>Porche y Sombrillas<\/li>\n<li>2 Mesas + 8 Sillas<\/li>\n<li>6 Tumbonas<\/li>\n<li>Piscina 4 x 8 metros, con escalera. Piscina vallada + con c\u00e9sped.<\/li>\n<\/ul>\n<p>Superficie de la casa: 180 m\u00b2<br \/>\nSuperficie del terreno: 3.000 m\u00b2<\/p>\n<p><strong>Otros detalles:<\/strong><\/p>\n<ul>\n<li>Finca\u00a0completamente vallada.<\/li>\n<li>Aparcamiento dentro de la finca<\/li>\n<\/ul>\n<h2>Mascotas<\/h2>\n<p>No se permiten animales<\/p>\n","protected":false},"excerpt":{"rendered":"<p>Villa Antisa, es una casa rural\u00a0que cuenta con la distinci\u00f3n \u201cCompromiso de Calidad Tur\u00edstica\u201d otorgada por el\u00a0Ministerio de Industria, Turismo y Comercio de Espa\u00f1a.<\/p>\n","protected":false},"featured_media":1180,"comment_status":"open","ping_status":"closed","template":"","meta":[],"product_brand":[],"product_cat":[169],"product_tag":[],"class_list":{"0":"post-1179","1":"product","2":"type-product","3":"status-publish","4":"has-post-thumbnail","6":"product_cat-maisons-rurales","7":"tour_category-3-dormitorios-fr","8":"tour_category-7-personas-fr","9":"tour_category-casas-rurales-fr","10":"tour_category-piscina-fr","11":"tour_category-wifi-fr","13":"first","14":"instock","15":"taxable","16":"shipping-taxable","17":"purchasable","18":"product-type-tour"},"yoast_head":"<!-- This site is optimized with the Yoast SEO plugin v27.3 - https:\/\/yoast.com\/product\/yoast-seo-wordpress\/ -->\n<title>Villa Antisa - Turismo Rural Sur El Torcal<\/title>\n<meta name=\"robots\" content=\"index, follow, max-snippet:-1, max-image-preview:large, max-video-preview:-1\" \/>\n<link rel=\"canonical\" href=\"https:\/\/turismorural-eltorcal.com\/fr\/maisons-rurales\/villa-antisa\/\" \/>\n<meta property=\"og:locale\" content=\"fr_FR\" \/>\n<meta property=\"og:type\" content=\"article\" \/>\n<meta property=\"og:title\" content=\"Villa Antisa - Turismo Rural Sur El Torcal\" \/>\n<meta property=\"og:description\" content=\"Villa Antisa, es una casa rural\u00a0que cuenta con la distinci\u00f3n \u201cCompromiso de Calidad Tur\u00edstica\u201d otorgada por el\u00a0Ministerio de Industria, Turismo y Comercio de Espa\u00f1a.\" \/>\n<meta property=\"og:url\" content=\"https:\/\/turismorural-eltorcal.com\/fr\/maisons-rurales\/villa-antisa\/\" \/>\n<meta property=\"og:site_name\" content=\"Turismo Rural Sur El Torcal\" \/>\n<meta property=\"article:publisher\" content=\"https:\/\/www.facebook.com\/turismoruraleltorcal\/\" \/>\n<meta property=\"article:modified_time\" content=\"2022-11-13T12:05:35+00:00\" \/>\n<meta property=\"og:image\" content=\"https:\/\/turismorural-eltorcal.com\/wp-content\/uploads\/casa-rural-villa-antisa-012.jpg\" \/>\n\t<meta property=\"og:image:width\" content=\"1900\" \/>\n\t<meta property=\"og:image:height\" content=\"1272\" \/>\n\t<meta property=\"og:image:type\" content=\"image\/jpeg\" \/>\n<meta name=\"twitter:card\" content=\"summary_large_image\" \/>\n<meta name=\"twitter:site\" content=\"@RuralTorcal\" \/>\n<meta name=\"twitter:label1\" content=\"Dur\u00e9e de lecture estim\u00e9e\" \/>\n\t<meta name=\"twitter:data1\" content=\"2 minutes\" \/>\n<script type=\"application\/ld+json\" class=\"yoast-schema-graph\">{\"@context\":\"https:\\\/\\\/schema.org\",\"@graph\":[{\"@type\":\"WebPage\",\"@id\":\"https:\\\/\\\/turismorural-eltorcal.com\\\/fr\\\/maisons-rurales\\\/villa-antisa\\\/\",\"url\":\"https:\\\/\\\/turismorural-eltorcal.com\\\/fr\\\/maisons-rurales\\\/villa-antisa\\\/\",\"name\":\"Villa Antisa - Turismo Rural Sur El Torcal\",\"isPartOf\":{\"@id\":\"https:\\\/\\\/turismorural-eltorcal.com\\\/fr\\\/#website\"},\"primaryImageOfPage\":{\"@id\":\"https:\\\/\\\/turismorural-eltorcal.com\\\/fr\\\/maisons-rurales\\\/villa-antisa\\\/#primaryimage\"},\"image\":{\"@id\":\"https:\\\/\\\/turismorural-eltorcal.com\\\/fr\\\/maisons-rurales\\\/villa-antisa\\\/#primaryimage\"},\"thumbnailUrl\":\"https:\\\/\\\/turismorural-eltorcal.com\\\/wp-content\\\/uploads\\\/casa-rural-villa-antisa-012.jpg\",\"datePublished\":\"2017-01-27T15:43:18+00:00\",\"dateModified\":\"2022-11-13T12:05:35+00:00\",\"breadcrumb\":{\"@id\":\"https:\\\/\\\/turismorural-eltorcal.com\\\/fr\\\/maisons-rurales\\\/villa-antisa\\\/#breadcrumb\"},\"inLanguage\":\"fr-FR\",\"potentialAction\":[{\"@type\":\"ReadAction\",\"target\":[\"https:\\\/\\\/turismorural-eltorcal.com\\\/fr\\\/maisons-rurales\\\/villa-antisa\\\/\"]}]},{\"@type\":\"ImageObject\",\"inLanguage\":\"fr-FR\",\"@id\":\"https:\\\/\\\/turismorural-eltorcal.com\\\/fr\\\/maisons-rurales\\\/villa-antisa\\\/#primaryimage\",\"url\":\"https:\\\/\\\/turismorural-eltorcal.com\\\/wp-content\\\/uploads\\\/casa-rural-villa-antisa-012.jpg\",\"contentUrl\":\"https:\\\/\\\/turismorural-eltorcal.com\\\/wp-content\\\/uploads\\\/casa-rural-villa-antisa-012.jpg\",\"width\":1900,\"height\":1272},{\"@type\":\"BreadcrumbList\",\"@id\":\"https:\\\/\\\/turismorural-eltorcal.com\\\/fr\\\/maisons-rurales\\\/villa-antisa\\\/#breadcrumb\",\"itemListElement\":[{\"@type\":\"ListItem\",\"position\":1,\"name\":\"Portada\",\"item\":\"https:\\\/\\\/turismorural-eltorcal.com\\\/fr\\\/\"},{\"@type\":\"ListItem\",\"position\":2,\"name\":\"Produits\",\"item\":\"https:\\\/\\\/turismorural-eltorcal.com\\\/fr\\\/shop\\\/\"},{\"@type\":\"ListItem\",\"position\":3,\"name\":\"Villa Antisa\"}]},{\"@type\":\"WebSite\",\"@id\":\"https:\\\/\\\/turismorural-eltorcal.com\\\/fr\\\/#website\",\"url\":\"https:\\\/\\\/turismorural-eltorcal.com\\\/fr\\\/\",\"name\":\"Turismo Rural Sur El Torcal\",\"description\":\"Des maisons rurales avec enchantement dans les endroits du Torcal d'Antequera\",\"publisher\":{\"@id\":\"https:\\\/\\\/turismorural-eltorcal.com\\\/fr\\\/#organization\"},\"potentialAction\":[{\"@type\":\"SearchAction\",\"target\":{\"@type\":\"EntryPoint\",\"urlTemplate\":\"https:\\\/\\\/turismorural-eltorcal.com\\\/fr\\\/?s={search_term_string}\"},\"query-input\":{\"@type\":\"PropertyValueSpecification\",\"valueRequired\":true,\"valueName\":\"search_term_string\"}}],\"inLanguage\":\"fr-FR\"},{\"@type\":\"Organization\",\"@id\":\"https:\\\/\\\/turismorural-eltorcal.com\\\/fr\\\/#organization\",\"name\":\"Turismo Rural Sur El Torcal\",\"url\":\"https:\\\/\\\/turismorural-eltorcal.com\\\/fr\\\/\",\"logo\":{\"@type\":\"ImageObject\",\"inLanguage\":\"fr-FR\",\"@id\":\"https:\\\/\\\/turismorural-eltorcal.com\\\/fr\\\/#\\\/schema\\\/logo\\\/image\\\/\",\"url\":\"https:\\\/\\\/www.turismorural-eltorcal.com\\\/wp-content\\\/uploads\\\/turismo-rural-sur-el-torcal-logo.png\",\"contentUrl\":\"https:\\\/\\\/www.turismorural-eltorcal.com\\\/wp-content\\\/uploads\\\/turismo-rural-sur-el-torcal-logo.png\",\"width\":400,\"height\":50,\"caption\":\"Turismo Rural Sur El Torcal\"},\"image\":{\"@id\":\"https:\\\/\\\/turismorural-eltorcal.com\\\/fr\\\/#\\\/schema\\\/logo\\\/image\\\/\"},\"sameAs\":[\"https:\\\/\\\/www.facebook.com\\\/turismoruraleltorcal\\\/\",\"https:\\\/\\\/x.com\\\/RuralTorcal\"]}]}<\/script>\n<!-- \/ Yoast SEO plugin. -->","yoast_head_json":{"title":"Villa Antisa - Turismo Rural Sur El Torcal","robots":{"index":"index","follow":"follow","max-snippet":"max-snippet:-1","max-image-preview":"max-image-preview:large","max-video-preview":"max-video-preview:-1"},"canonical":"https:\/\/turismorural-eltorcal.com\/fr\/maisons-rurales\/villa-antisa\/","og_locale":"fr_FR","og_type":"article","og_title":"Villa Antisa - Turismo Rural Sur El Torcal","og_description":"Villa Antisa, es una casa rural\u00a0que cuenta con la distinci\u00f3n \u201cCompromiso de Calidad Tur\u00edstica\u201d otorgada por el\u00a0Ministerio de Industria, Turismo y Comercio de Espa\u00f1a.","og_url":"https:\/\/turismorural-eltorcal.com\/fr\/maisons-rurales\/villa-antisa\/","og_site_name":"Turismo Rural Sur El Torcal","article_publisher":"https:\/\/www.facebook.com\/turismoruraleltorcal\/","article_modified_time":"2022-11-13T12:05:35+00:00","og_image":[{"width":1900,"height":1272,"url":"https:\/\/turismorural-eltorcal.com\/wp-content\/uploads\/casa-rural-villa-antisa-012.jpg","type":"image\/jpeg"}],"twitter_card":"summary_large_image","twitter_site":"@RuralTorcal","twitter_misc":{"Dur\u00e9e de lecture estim\u00e9e":"2 minutes"},"schema":{"@context":"https:\/\/schema.org","@graph":[{"@type":"WebPage","@id":"https:\/\/turismorural-eltorcal.com\/fr\/maisons-rurales\/villa-antisa\/","url":"https:\/\/turismorural-eltorcal.com\/fr\/maisons-rurales\/villa-antisa\/","name":"Villa Antisa - Turismo Rural Sur El Torcal","isPartOf":{"@id":"https:\/\/turismorural-eltorcal.com\/fr\/#website"},"primaryImageOfPage":{"@id":"https:\/\/turismorural-eltorcal.com\/fr\/maisons-rurales\/villa-antisa\/#primaryimage"},"image":{"@id":"https:\/\/turismorural-eltorcal.com\/fr\/maisons-rurales\/villa-antisa\/#primaryimage"},"thumbnailUrl":"https:\/\/turismorural-eltorcal.com\/wp-content\/uploads\/casa-rural-villa-antisa-012.jpg","datePublished":"2017-01-27T15:43:18+00:00","dateModified":"2022-11-13T12:05:35+00:00","breadcrumb":{"@id":"https:\/\/turismorural-eltorcal.com\/fr\/maisons-rurales\/villa-antisa\/#breadcrumb"},"inLanguage":"fr-FR","potentialAction":[{"@type":"ReadAction","target":["https:\/\/turismorural-eltorcal.com\/fr\/maisons-rurales\/villa-antisa\/"]}]},{"@type":"ImageObject","inLanguage":"fr-FR","@id":"https:\/\/turismorural-eltorcal.com\/fr\/maisons-rurales\/villa-antisa\/#primaryimage","url":"https:\/\/turismorural-eltorcal.com\/wp-content\/uploads\/casa-rural-villa-antisa-012.jpg","contentUrl":"https:\/\/turismorural-eltorcal.com\/wp-content\/uploads\/casa-rural-villa-antisa-012.jpg","width":1900,"height":1272},{"@type":"BreadcrumbList","@id":"https:\/\/turismorural-eltorcal.com\/fr\/maisons-rurales\/villa-antisa\/#breadcrumb","itemListElement":[{"@type":"ListItem","position":1,"name":"Portada","item":"https:\/\/turismorural-eltorcal.com\/fr\/"},{"@type":"ListItem","position":2,"name":"Produits","item":"https:\/\/turismorural-eltorcal.com\/fr\/shop\/"},{"@type":"ListItem","position":3,"name":"Villa Antisa"}]},{"@type":"WebSite","@id":"https:\/\/turismorural-eltorcal.com\/fr\/#website","url":"https:\/\/turismorural-eltorcal.com\/fr\/","name":"Turismo Rural Sur El Torcal","description":"Des maisons rurales avec enchantement dans les endroits du Torcal d'Antequera","publisher":{"@id":"https:\/\/turismorural-eltorcal.com\/fr\/#organization"},"potentialAction":[{"@type":"SearchAction","target":{"@type":"EntryPoint","urlTemplate":"https:\/\/turismorural-eltorcal.com\/fr\/?s={search_term_string}"},"query-input":{"@type":"PropertyValueSpecification","valueRequired":true,"valueName":"search_term_string"}}],"inLanguage":"fr-FR"},{"@type":"Organization","@id":"https:\/\/turismorural-eltorcal.com\/fr\/#organization","name":"Turismo Rural Sur El Torcal","url":"https:\/\/turismorural-eltorcal.com\/fr\/","logo":{"@type":"ImageObject","inLanguage":"fr-FR","@id":"https:\/\/turismorural-eltorcal.com\/fr\/#\/schema\/logo\/image\/","url":"https:\/\/www.turismorural-eltorcal.com\/wp-content\/uploads\/turismo-rural-sur-el-torcal-logo.png","contentUrl":"https:\/\/www.turismorural-eltorcal.com\/wp-content\/uploads\/turismo-rural-sur-el-torcal-logo.png","width":400,"height":50,"caption":"Turismo Rural Sur El Torcal"},"image":{"@id":"https:\/\/turismorural-eltorcal.com\/fr\/#\/schema\/logo\/image\/"},"sameAs":["https:\/\/www.facebook.com\/turismoruraleltorcal\/","https:\/\/x.com\/RuralTorcal"]}]}},"_links":{"self":[{"href":"https:\/\/turismorural-eltorcal.com\/fr\/wp-json\/wp\/v2\/product\/1179","targetHints":{"allow":["GET"]}}],"collection":[{"href":"https:\/\/turismorural-eltorcal.com\/fr\/wp-json\/wp\/v2\/product"}],"about":[{"href":"https:\/\/turismorural-eltorcal.com\/fr\/wp-json\/wp\/v2\/types\/product"}],"replies":[{"embeddable":true,"href":"https:\/\/turismorural-eltorcal.com\/fr\/wp-json\/wp\/v2\/comments?post=1179"}],"wp:featuredmedia":[{"embeddable":true,"href":"https:\/\/turismorural-eltorcal.com\/fr\/wp-json\/wp\/v2\/media\/1180"}],"wp:attachment":[{"href":"https:\/\/turismorural-eltorcal.com\/fr\/wp-json\/wp\/v2\/media?parent=1179"}],"wp:term":[{"taxonomy":"product_brand","embeddable":true,"href":"https:\/\/turismorural-eltorcal.com\/fr\/wp-json\/wp\/v2\/product_brand?post=1179"},{"taxonomy":"product_cat","embeddable":true,"href":"https:\/\/turismorural-eltorcal.com\/fr\/wp-json\/wp\/v2\/product_cat?post=1179"},{"taxonomy":"product_tag","embeddable":true,"href":"https:\/\/turismorural-eltorcal.com\/fr\/wp-json\/wp\/v2\/product_tag?post=1179"}],"curies":[{"name":"wp","href":"https:\/\/api.w.org\/{rel}","templated":true}]}}