{"id":3984,"date":"2017-02-07T13:43:10","date_gmt":"2017-02-07T12:43:10","guid":{"rendered":"http:\/\/devel.turismorural-eltorcal.com\/association\/"},"modified":"2017-02-09T09:50:20","modified_gmt":"2017-02-09T08:50:20","slug":"association","status":"publish","type":"page","link":"https:\/\/turismorural-eltorcal.com\/fr\/association\/","title":{"rendered":"Association"},"content":{"rendered":"<section class=\"wpb-content-wrapper\"><p>[vc_row][vc_column width=\u00a0\u00bb1\/4&Prime;][vc_wp_custommenu nav_menu=\u00a0\u00bb92&Prime;][\/vc_column][vc_column width=\u00a0\u00bb3\/4&Prime;][vc_column_text]Notre Association de Tourisme Rural Sud \u00ab\u00a0El Torcal\u00a0\u00bb n\u00e9 dans les ann\u00e9es 90 avec l&rsquo;union de tous les propri\u00e9taires de chalets et de maisons rurales et cr\u00e9\u00e9 pour promouvoir et d\u00e9velopper le tourisme dans la r\u00e9gion situ\u00e9e au sud du Torcal, dans la r\u00e9gion d&rsquo;Antequera, province de Malaga.<\/p>\n<p>Pour accomplir notre mission nous entreprendrons toutes les activit\u00e9s possibles \u00e0 cet effet, tels que:<\/p>\n<ul class=\"asociacion\">\n<li>Promotion du sud du Torcal en diffusant des nouvelles et des reportages dans divers m\u00e9dias. Parall\u00e8lement nous avons pensez \u00e0 utiliser internet comme un outil de sensibilisation de l&rsquo;association. On a \u00e9galement entrepris une autre s\u00e9rie d&rsquo;actions \u00e0 cet \u00e9gard comme la r\u00e9alisation de brochures et l&rsquo;assistance des membres de l&rsquo;association dans les Salons de Tourisme et autres \u00e9v\u00e9nements d&rsquo;int\u00e9r\u00eat.<\/li>\n<li>Un contact permanent sera maintenu et on encouragera la coop\u00e9ration avec les diff\u00e9rentes autorit\u00e9s et organismes, aussi bien publics que priv\u00e9s, pour tous les aspects en relation avec l&rsquo;activit\u00e9 et pour les fins de l&rsquo;association.<\/li>\n<li>Demande de subventions et d&rsquo;incitations des pouvoirs publics et autres organismes, aussi bien publics que priv\u00e9s, afin d&rsquo;encourager le d\u00e9veloppement de l&rsquo;association et une r\u00e9alisation plus efficace de ses objectifs.<\/li>\n<\/ul>\n<p>[\/vc_column_text][\/vc_column][\/vc_row]<\/p>\n<\/section>","protected":false},"excerpt":{"rendered":"<p>[vc_row][vc_column width=\u00a0\u00bb1\/4&Prime;][vc_wp_custommenu nav_menu=\u00a0\u00bb92&Prime;][\/vc_column][vc_column width=\u00a0\u00bb3\/4&Prime;][vc_column_text]Notre Association de Tourisme Rural Sud \u00ab\u00a0El Torcal\u00a0\u00bb n\u00e9 dans les ann\u00e9es 90 avec l&rsquo;union de tous les propri\u00e9taires de chalets et de maisons rurales et cr\u00e9\u00e9 pour promouvoir et d\u00e9velopper le tourisme dans la r\u00e9gion situ\u00e9e au sud du Torcal, dans la r\u00e9gion d&rsquo;Antequera, province de Malaga. Pour accomplir notre mission<\/p>\n<div class=\"padding-top text-center\"><a href=\"https:\/\/turismorural-eltorcal.com\/fr\/association\/\" class=\"atbtn atbtn--medium atbtn--rounded atbtn--transparent\">Leer m\u00e1s<i class=\"atbtn__icon atbtn__icon--right fa fa-long-arrow-right\"><\/i><\/a><\/div>\n","protected":false},"author":6,"featured_media":0,"parent":0,"menu_order":0,"comment_status":"closed","ping_status":"closed","template":"","meta":{"footnotes":""},"class_list":["post-3984","page","type-page","status-publish","hentry"],"yoast_head":"<!-- This site is optimized with the Yoast SEO plugin v27.3 - https:\/\/yoast.com\/product\/yoast-seo-wordpress\/ -->\n<title>Association - Turismo Rural Sur El Torcal<\/title>\n<meta name=\"robots\" content=\"index, follow, max-snippet:-1, max-image-preview:large, max-video-preview:-1\" \/>\n<link rel=\"canonical\" href=\"https:\/\/turismorural-eltorcal.com\/fr\/association\/\" \/>\n<meta property=\"og:locale\" content=\"fr_FR\" \/>\n<meta property=\"og:type\" content=\"article\" \/>\n<meta property=\"og:title\" content=\"Association - Turismo Rural Sur El Torcal\" \/>\n<meta property=\"og:description\" content=\"[vc_row][vc_column width=\u00a0\u00bb1\/4&Prime;][vc_wp_custommenu nav_menu=\u00a0\u00bb92&Prime;][\/vc_column][vc_column width=\u00a0\u00bb3\/4&Prime;][vc_column_text]Notre Association de Tourisme Rural Sud \u00ab\u00a0El Torcal\u00a0\u00bb n\u00e9 dans les ann\u00e9es 90 avec l&rsquo;union de tous les propri\u00e9taires de chalets et de maisons rurales et cr\u00e9\u00e9 pour promouvoir et d\u00e9velopper le tourisme dans la r\u00e9gion situ\u00e9e au sud du Torcal, dans la r\u00e9gion d&rsquo;Antequera, province de Malaga. Pour accomplir notre missionLeer m\u00e1s\" \/>\n<meta property=\"og:url\" content=\"https:\/\/turismorural-eltorcal.com\/fr\/association\/\" \/>\n<meta property=\"og:site_name\" content=\"Turismo Rural Sur El Torcal\" \/>\n<meta property=\"article:publisher\" content=\"https:\/\/www.facebook.com\/turismoruraleltorcal\/\" \/>\n<meta property=\"article:modified_time\" content=\"2017-02-09T08:50:20+00:00\" \/>\n<meta name=\"twitter:card\" content=\"summary_large_image\" \/>\n<meta name=\"twitter:site\" content=\"@RuralTorcal\" \/>\n<meta name=\"twitter:label1\" content=\"Dur\u00e9e de lecture estim\u00e9e\" \/>\n\t<meta name=\"twitter:data1\" content=\"1 minute\" \/>\n<script type=\"application\/ld+json\" class=\"yoast-schema-graph\">{\"@context\":\"https:\\\/\\\/schema.org\",\"@graph\":[{\"@type\":\"WebPage\",\"@id\":\"https:\\\/\\\/turismorural-eltorcal.com\\\/fr\\\/association\\\/\",\"url\":\"https:\\\/\\\/turismorural-eltorcal.com\\\/fr\\\/association\\\/\",\"name\":\"Association - Turismo Rural Sur El Torcal\",\"isPartOf\":{\"@id\":\"https:\\\/\\\/turismorural-eltorcal.com\\\/fr\\\/#website\"},\"datePublished\":\"2017-02-07T12:43:10+00:00\",\"dateModified\":\"2017-02-09T08:50:20+00:00\",\"breadcrumb\":{\"@id\":\"https:\\\/\\\/turismorural-eltorcal.com\\\/fr\\\/association\\\/#breadcrumb\"},\"inLanguage\":\"fr-FR\",\"potentialAction\":[{\"@type\":\"ReadAction\",\"target\":[\"https:\\\/\\\/turismorural-eltorcal.com\\\/fr\\\/association\\\/\"]}]},{\"@type\":\"BreadcrumbList\",\"@id\":\"https:\\\/\\\/turismorural-eltorcal.com\\\/fr\\\/association\\\/#breadcrumb\",\"itemListElement\":[{\"@type\":\"ListItem\",\"position\":1,\"name\":\"Portada\",\"item\":\"https:\\\/\\\/turismorural-eltorcal.com\\\/fr\\\/\"},{\"@type\":\"ListItem\",\"position\":2,\"name\":\"Association\"}]},{\"@type\":\"WebSite\",\"@id\":\"https:\\\/\\\/turismorural-eltorcal.com\\\/fr\\\/#website\",\"url\":\"https:\\\/\\\/turismorural-eltorcal.com\\\/fr\\\/\",\"name\":\"Turismo Rural Sur El Torcal\",\"description\":\"Des maisons rurales avec enchantement dans les endroits du Torcal d'Antequera\",\"publisher\":{\"@id\":\"https:\\\/\\\/turismorural-eltorcal.com\\\/fr\\\/#organization\"},\"potentialAction\":[{\"@type\":\"SearchAction\",\"target\":{\"@type\":\"EntryPoint\",\"urlTemplate\":\"https:\\\/\\\/turismorural-eltorcal.com\\\/fr\\\/?s={search_term_string}\"},\"query-input\":{\"@type\":\"PropertyValueSpecification\",\"valueRequired\":true,\"valueName\":\"search_term_string\"}}],\"inLanguage\":\"fr-FR\"},{\"@type\":\"Organization\",\"@id\":\"https:\\\/\\\/turismorural-eltorcal.com\\\/fr\\\/#organization\",\"name\":\"Turismo Rural Sur El Torcal\",\"url\":\"https:\\\/\\\/turismorural-eltorcal.com\\\/fr\\\/\",\"logo\":{\"@type\":\"ImageObject\",\"inLanguage\":\"fr-FR\",\"@id\":\"https:\\\/\\\/turismorural-eltorcal.com\\\/fr\\\/#\\\/schema\\\/logo\\\/image\\\/\",\"url\":\"https:\\\/\\\/www.turismorural-eltorcal.com\\\/wp-content\\\/uploads\\\/turismo-rural-sur-el-torcal-logo.png\",\"contentUrl\":\"https:\\\/\\\/www.turismorural-eltorcal.com\\\/wp-content\\\/uploads\\\/turismo-rural-sur-el-torcal-logo.png\",\"width\":400,\"height\":50,\"caption\":\"Turismo Rural Sur El Torcal\"},\"image\":{\"@id\":\"https:\\\/\\\/turismorural-eltorcal.com\\\/fr\\\/#\\\/schema\\\/logo\\\/image\\\/\"},\"sameAs\":[\"https:\\\/\\\/www.facebook.com\\\/turismoruraleltorcal\\\/\",\"https:\\\/\\\/x.com\\\/RuralTorcal\"]}]}<\/script>\n<!-- \/ Yoast SEO plugin. -->","yoast_head_json":{"title":"Association - Turismo Rural Sur El Torcal","robots":{"index":"index","follow":"follow","max-snippet":"max-snippet:-1","max-image-preview":"max-image-preview:large","max-video-preview":"max-video-preview:-1"},"canonical":"https:\/\/turismorural-eltorcal.com\/fr\/association\/","og_locale":"fr_FR","og_type":"article","og_title":"Association - Turismo Rural Sur El Torcal","og_description":"[vc_row][vc_column width=\u00a0\u00bb1\/4&Prime;][vc_wp_custommenu nav_menu=\u00a0\u00bb92&Prime;][\/vc_column][vc_column width=\u00a0\u00bb3\/4&Prime;][vc_column_text]Notre Association de Tourisme Rural Sud \u00ab\u00a0El Torcal\u00a0\u00bb n\u00e9 dans les ann\u00e9es 90 avec l&rsquo;union de tous les propri\u00e9taires de chalets et de maisons rurales et cr\u00e9\u00e9 pour promouvoir et d\u00e9velopper le tourisme dans la r\u00e9gion situ\u00e9e au sud du Torcal, dans la r\u00e9gion d&rsquo;Antequera, province de Malaga. Pour accomplir notre missionLeer m\u00e1s","og_url":"https:\/\/turismorural-eltorcal.com\/fr\/association\/","og_site_name":"Turismo Rural Sur El Torcal","article_publisher":"https:\/\/www.facebook.com\/turismoruraleltorcal\/","article_modified_time":"2017-02-09T08:50:20+00:00","twitter_card":"summary_large_image","twitter_site":"@RuralTorcal","twitter_misc":{"Dur\u00e9e de lecture estim\u00e9e":"1 minute"},"schema":{"@context":"https:\/\/schema.org","@graph":[{"@type":"WebPage","@id":"https:\/\/turismorural-eltorcal.com\/fr\/association\/","url":"https:\/\/turismorural-eltorcal.com\/fr\/association\/","name":"Association - Turismo Rural Sur El Torcal","isPartOf":{"@id":"https:\/\/turismorural-eltorcal.com\/fr\/#website"},"datePublished":"2017-02-07T12:43:10+00:00","dateModified":"2017-02-09T08:50:20+00:00","breadcrumb":{"@id":"https:\/\/turismorural-eltorcal.com\/fr\/association\/#breadcrumb"},"inLanguage":"fr-FR","potentialAction":[{"@type":"ReadAction","target":["https:\/\/turismorural-eltorcal.com\/fr\/association\/"]}]},{"@type":"BreadcrumbList","@id":"https:\/\/turismorural-eltorcal.com\/fr\/association\/#breadcrumb","itemListElement":[{"@type":"ListItem","position":1,"name":"Portada","item":"https:\/\/turismorural-eltorcal.com\/fr\/"},{"@type":"ListItem","position":2,"name":"Association"}]},{"@type":"WebSite","@id":"https:\/\/turismorural-eltorcal.com\/fr\/#website","url":"https:\/\/turismorural-eltorcal.com\/fr\/","name":"Turismo Rural Sur El Torcal","description":"Des maisons rurales avec enchantement dans les endroits du Torcal d'Antequera","publisher":{"@id":"https:\/\/turismorural-eltorcal.com\/fr\/#organization"},"potentialAction":[{"@type":"SearchAction","target":{"@type":"EntryPoint","urlTemplate":"https:\/\/turismorural-eltorcal.com\/fr\/?s={search_term_string}"},"query-input":{"@type":"PropertyValueSpecification","valueRequired":true,"valueName":"search_term_string"}}],"inLanguage":"fr-FR"},{"@type":"Organization","@id":"https:\/\/turismorural-eltorcal.com\/fr\/#organization","name":"Turismo Rural Sur El Torcal","url":"https:\/\/turismorural-eltorcal.com\/fr\/","logo":{"@type":"ImageObject","inLanguage":"fr-FR","@id":"https:\/\/turismorural-eltorcal.com\/fr\/#\/schema\/logo\/image\/","url":"https:\/\/www.turismorural-eltorcal.com\/wp-content\/uploads\/turismo-rural-sur-el-torcal-logo.png","contentUrl":"https:\/\/www.turismorural-eltorcal.com\/wp-content\/uploads\/turismo-rural-sur-el-torcal-logo.png","width":400,"height":50,"caption":"Turismo Rural Sur El Torcal"},"image":{"@id":"https:\/\/turismorural-eltorcal.com\/fr\/#\/schema\/logo\/image\/"},"sameAs":["https:\/\/www.facebook.com\/turismoruraleltorcal\/","https:\/\/x.com\/RuralTorcal"]}]}},"_links":{"self":[{"href":"https:\/\/turismorural-eltorcal.com\/fr\/wp-json\/wp\/v2\/pages\/3984","targetHints":{"allow":["GET"]}}],"collection":[{"href":"https:\/\/turismorural-eltorcal.com\/fr\/wp-json\/wp\/v2\/pages"}],"about":[{"href":"https:\/\/turismorural-eltorcal.com\/fr\/wp-json\/wp\/v2\/types\/page"}],"author":[{"embeddable":true,"href":"https:\/\/turismorural-eltorcal.com\/fr\/wp-json\/wp\/v2\/users\/6"}],"replies":[{"embeddable":true,"href":"https:\/\/turismorural-eltorcal.com\/fr\/wp-json\/wp\/v2\/comments?post=3984"}],"version-history":[{"count":1,"href":"https:\/\/turismorural-eltorcal.com\/fr\/wp-json\/wp\/v2\/pages\/3984\/revisions"}],"predecessor-version":[{"id":3985,"href":"https:\/\/turismorural-eltorcal.com\/fr\/wp-json\/wp\/v2\/pages\/3984\/revisions\/3985"}],"wp:attachment":[{"href":"https:\/\/turismorural-eltorcal.com\/fr\/wp-json\/wp\/v2\/media?parent=3984"}],"curies":[{"name":"wp","href":"https:\/\/api.w.org\/{rel}","templated":true}]}}