{"id":3982,"date":"2017-02-07T13:39:56","date_gmt":"2017-02-07T12:39:56","guid":{"rendered":"http:\/\/devel.turismorural-eltorcal.com\/ou-sommes-nous\/"},"modified":"2017-02-09T09:50:38","modified_gmt":"2017-02-09T08:50:38","slug":"ou-sommes-nous","status":"publish","type":"page","link":"https:\/\/turismorural-eltorcal.com\/fr\/association\/ou-sommes-nous\/","title":{"rendered":"O\u00f9 sommes-nous"},"content":{"rendered":"<section class=\"wpb-content-wrapper\"><p>[vc_row][vc_column width=\u00a0\u00bb1\/4&Prime;][vc_wp_custommenu nav_menu=\u00a0\u00bb92&Prime;][\/vc_column][vc_column width=\u00a0\u00bb1\/2&Prime;][vc_column_text]<\/p>\n<p>En el sur de Espa\u00f1a, en la comarca de Antequera (M\u00e1laga), situada en pleno coraz\u00f3n de Andaluc\u00eda, se encuentra uno de los parajes naturales m\u00e1s bellos y singulares del pa\u00eds, El Torcal, un entorno ideal para desconectar del ritmo vertiginoso de la ciudad y disfrutar del turismo rural en Andaluc\u00eda a trav\u00e9s de la tranquilidad que proporciona el contacto con la naturaleza, la amabilidad de sus gentes, en medio de un clima t\u00edpicamente mediterr\u00e1neo con una primavera espectacular por sus colores y olores, con un verano caluroso, con un oto\u00f1o templado y lluvioso y un invierno suave y acogedor.<\/p>\n<p>Para ello, la <strong>Asociaci\u00f3n de Turismo Rural \u201cSur de El Torcal\u201d<\/strong> cuenta con una serie de casas rurales con encanto en Antequera, muy acogedoras y decoradas con gran esmero y con calidad constrastada desde 1990, que le brindan al visitante la oportunidad de sentirse como en su casa.<\/p>\n<p>Adem\u00e1s, los visitantes que escojan este destino tendr\u00e1n la posibilidad de practicar una amplia variedad de actividades al aire libre (senderismo, paseos a caballo o en bicicleta, escalada, golf, parapente), saborear la gastronom\u00eda del lugar, realizar excursiones a las principales ciudades de Andaluc\u00eda: C\u00f3rdoba, Granada, Sevilla, Ronda, M\u00e1laga, disfrutar de fiestas tradicionales y as\u00ed como variadas ofertas culturales (Visita al Museo de Picasso, Thyssen, etc.).<\/p>\n<p>Sin duda alguna, una estupenda combinaci\u00f3n para unos d\u00edas de vacaciones y descanso, disfrutando del turismo rural en Andaluc\u00eda<\/p>\n<p>[\/vc_column_text][\/vc_column][vc_column width=\u00a0\u00bb1\/4&Prime;][vc_single_image image=\u00a0\u00bb3909&Prime; img_size=\u00a0\u00bbfull\u00a0\u00bb alignment=\u00a0\u00bbcenter\u00a0\u00bb][\/vc_column][\/vc_row]<\/p>\n<\/section>","protected":false},"excerpt":{"rendered":"<p>[vc_row][vc_column width=\u00a0\u00bb1\/4&Prime;][vc_wp_custommenu nav_menu=\u00a0\u00bb92&Prime;][\/vc_column][vc_column width=\u00a0\u00bb1\/2&Prime;][vc_column_text] En el sur de Espa\u00f1a, en la comarca de Antequera (M\u00e1laga), situada en pleno coraz\u00f3n de Andaluc\u00eda, se encuentra uno de los parajes naturales m\u00e1s bellos y singulares del pa\u00eds, El Torcal, un entorno ideal para desconectar del ritmo vertiginoso de la ciudad y disfrutar del turismo rural en Andaluc\u00eda a<\/p>\n<div class=\"padding-top text-center\"><a href=\"https:\/\/turismorural-eltorcal.com\/fr\/association\/ou-sommes-nous\/\" class=\"atbtn atbtn--medium atbtn--rounded atbtn--transparent\">Leer m\u00e1s<i class=\"atbtn__icon atbtn__icon--right fa fa-long-arrow-right\"><\/i><\/a><\/div>\n","protected":false},"author":6,"featured_media":0,"parent":3984,"menu_order":0,"comment_status":"closed","ping_status":"closed","template":"","meta":{"footnotes":""},"class_list":["post-3982","page","type-page","status-publish","hentry"],"yoast_head":"<!-- This site is optimized with the Yoast SEO plugin v27.3 - https:\/\/yoast.com\/product\/yoast-seo-wordpress\/ -->\n<title>O\u00f9 sommes-nous - Turismo Rural Sur El Torcal<\/title>\n<meta name=\"robots\" content=\"index, follow, max-snippet:-1, max-image-preview:large, max-video-preview:-1\" \/>\n<link rel=\"canonical\" href=\"https:\/\/turismorural-eltorcal.com\/fr\/association\/ou-sommes-nous\/\" \/>\n<meta property=\"og:locale\" content=\"fr_FR\" \/>\n<meta property=\"og:type\" content=\"article\" \/>\n<meta property=\"og:title\" content=\"O\u00f9 sommes-nous - Turismo Rural Sur El Torcal\" \/>\n<meta property=\"og:description\" content=\"[vc_row][vc_column width=\u00a0\u00bb1\/4&Prime;][vc_wp_custommenu nav_menu=\u00a0\u00bb92&Prime;][\/vc_column][vc_column width=\u00a0\u00bb1\/2&Prime;][vc_column_text] En el sur de Espa\u00f1a, en la comarca de Antequera (M\u00e1laga), situada en pleno coraz\u00f3n de Andaluc\u00eda, se encuentra uno de los parajes naturales m\u00e1s bellos y singulares del pa\u00eds, El Torcal, un entorno ideal para desconectar del ritmo vertiginoso de la ciudad y disfrutar del turismo rural en Andaluc\u00eda aLeer m\u00e1s\" \/>\n<meta property=\"og:url\" content=\"https:\/\/turismorural-eltorcal.com\/fr\/association\/ou-sommes-nous\/\" \/>\n<meta property=\"og:site_name\" content=\"Turismo Rural Sur El Torcal\" \/>\n<meta property=\"article:publisher\" content=\"https:\/\/www.facebook.com\/turismoruraleltorcal\/\" \/>\n<meta property=\"article:modified_time\" content=\"2017-02-09T08:50:38+00:00\" \/>\n<meta name=\"twitter:card\" content=\"summary_large_image\" \/>\n<meta name=\"twitter:site\" content=\"@RuralTorcal\" \/>\n<meta name=\"twitter:label1\" content=\"Dur\u00e9e de lecture estim\u00e9e\" \/>\n\t<meta name=\"twitter:data1\" content=\"1 minute\" \/>\n<script type=\"application\/ld+json\" class=\"yoast-schema-graph\">{\"@context\":\"https:\\\/\\\/schema.org\",\"@graph\":[{\"@type\":\"WebPage\",\"@id\":\"https:\\\/\\\/turismorural-eltorcal.com\\\/fr\\\/association\\\/ou-sommes-nous\\\/\",\"url\":\"https:\\\/\\\/turismorural-eltorcal.com\\\/fr\\\/association\\\/ou-sommes-nous\\\/\",\"name\":\"O\u00f9 sommes-nous - Turismo Rural Sur El Torcal\",\"isPartOf\":{\"@id\":\"https:\\\/\\\/turismorural-eltorcal.com\\\/fr\\\/#website\"},\"datePublished\":\"2017-02-07T12:39:56+00:00\",\"dateModified\":\"2017-02-09T08:50:38+00:00\",\"breadcrumb\":{\"@id\":\"https:\\\/\\\/turismorural-eltorcal.com\\\/fr\\\/association\\\/ou-sommes-nous\\\/#breadcrumb\"},\"inLanguage\":\"fr-FR\",\"potentialAction\":[{\"@type\":\"ReadAction\",\"target\":[\"https:\\\/\\\/turismorural-eltorcal.com\\\/fr\\\/association\\\/ou-sommes-nous\\\/\"]}]},{\"@type\":\"BreadcrumbList\",\"@id\":\"https:\\\/\\\/turismorural-eltorcal.com\\\/fr\\\/association\\\/ou-sommes-nous\\\/#breadcrumb\",\"itemListElement\":[{\"@type\":\"ListItem\",\"position\":1,\"name\":\"Portada\",\"item\":\"https:\\\/\\\/turismorural-eltorcal.com\\\/fr\\\/\"},{\"@type\":\"ListItem\",\"position\":2,\"name\":\"Association\",\"item\":\"https:\\\/\\\/turismorural-eltorcal.com\\\/fr\\\/association\\\/\"},{\"@type\":\"ListItem\",\"position\":3,\"name\":\"O\u00f9 sommes-nous\"}]},{\"@type\":\"WebSite\",\"@id\":\"https:\\\/\\\/turismorural-eltorcal.com\\\/fr\\\/#website\",\"url\":\"https:\\\/\\\/turismorural-eltorcal.com\\\/fr\\\/\",\"name\":\"Turismo Rural Sur El Torcal\",\"description\":\"Des maisons rurales avec enchantement dans les endroits du Torcal d'Antequera\",\"publisher\":{\"@id\":\"https:\\\/\\\/turismorural-eltorcal.com\\\/fr\\\/#organization\"},\"potentialAction\":[{\"@type\":\"SearchAction\",\"target\":{\"@type\":\"EntryPoint\",\"urlTemplate\":\"https:\\\/\\\/turismorural-eltorcal.com\\\/fr\\\/?s={search_term_string}\"},\"query-input\":{\"@type\":\"PropertyValueSpecification\",\"valueRequired\":true,\"valueName\":\"search_term_string\"}}],\"inLanguage\":\"fr-FR\"},{\"@type\":\"Organization\",\"@id\":\"https:\\\/\\\/turismorural-eltorcal.com\\\/fr\\\/#organization\",\"name\":\"Turismo Rural Sur El Torcal\",\"url\":\"https:\\\/\\\/turismorural-eltorcal.com\\\/fr\\\/\",\"logo\":{\"@type\":\"ImageObject\",\"inLanguage\":\"fr-FR\",\"@id\":\"https:\\\/\\\/turismorural-eltorcal.com\\\/fr\\\/#\\\/schema\\\/logo\\\/image\\\/\",\"url\":\"https:\\\/\\\/www.turismorural-eltorcal.com\\\/wp-content\\\/uploads\\\/turismo-rural-sur-el-torcal-logo.png\",\"contentUrl\":\"https:\\\/\\\/www.turismorural-eltorcal.com\\\/wp-content\\\/uploads\\\/turismo-rural-sur-el-torcal-logo.png\",\"width\":400,\"height\":50,\"caption\":\"Turismo Rural Sur El Torcal\"},\"image\":{\"@id\":\"https:\\\/\\\/turismorural-eltorcal.com\\\/fr\\\/#\\\/schema\\\/logo\\\/image\\\/\"},\"sameAs\":[\"https:\\\/\\\/www.facebook.com\\\/turismoruraleltorcal\\\/\",\"https:\\\/\\\/x.com\\\/RuralTorcal\"]}]}<\/script>\n<!-- \/ Yoast SEO plugin. -->","yoast_head_json":{"title":"O\u00f9 sommes-nous - Turismo Rural Sur El Torcal","robots":{"index":"index","follow":"follow","max-snippet":"max-snippet:-1","max-image-preview":"max-image-preview:large","max-video-preview":"max-video-preview:-1"},"canonical":"https:\/\/turismorural-eltorcal.com\/fr\/association\/ou-sommes-nous\/","og_locale":"fr_FR","og_type":"article","og_title":"O\u00f9 sommes-nous - Turismo Rural Sur El Torcal","og_description":"[vc_row][vc_column width=\u00a0\u00bb1\/4&Prime;][vc_wp_custommenu nav_menu=\u00a0\u00bb92&Prime;][\/vc_column][vc_column width=\u00a0\u00bb1\/2&Prime;][vc_column_text] En el sur de Espa\u00f1a, en la comarca de Antequera (M\u00e1laga), situada en pleno coraz\u00f3n de Andaluc\u00eda, se encuentra uno de los parajes naturales m\u00e1s bellos y singulares del pa\u00eds, El Torcal, un entorno ideal para desconectar del ritmo vertiginoso de la ciudad y disfrutar del turismo rural en Andaluc\u00eda aLeer m\u00e1s","og_url":"https:\/\/turismorural-eltorcal.com\/fr\/association\/ou-sommes-nous\/","og_site_name":"Turismo Rural Sur El Torcal","article_publisher":"https:\/\/www.facebook.com\/turismoruraleltorcal\/","article_modified_time":"2017-02-09T08:50:38+00:00","twitter_card":"summary_large_image","twitter_site":"@RuralTorcal","twitter_misc":{"Dur\u00e9e de lecture estim\u00e9e":"1 minute"},"schema":{"@context":"https:\/\/schema.org","@graph":[{"@type":"WebPage","@id":"https:\/\/turismorural-eltorcal.com\/fr\/association\/ou-sommes-nous\/","url":"https:\/\/turismorural-eltorcal.com\/fr\/association\/ou-sommes-nous\/","name":"O\u00f9 sommes-nous - Turismo Rural Sur El Torcal","isPartOf":{"@id":"https:\/\/turismorural-eltorcal.com\/fr\/#website"},"datePublished":"2017-02-07T12:39:56+00:00","dateModified":"2017-02-09T08:50:38+00:00","breadcrumb":{"@id":"https:\/\/turismorural-eltorcal.com\/fr\/association\/ou-sommes-nous\/#breadcrumb"},"inLanguage":"fr-FR","potentialAction":[{"@type":"ReadAction","target":["https:\/\/turismorural-eltorcal.com\/fr\/association\/ou-sommes-nous\/"]}]},{"@type":"BreadcrumbList","@id":"https:\/\/turismorural-eltorcal.com\/fr\/association\/ou-sommes-nous\/#breadcrumb","itemListElement":[{"@type":"ListItem","position":1,"name":"Portada","item":"https:\/\/turismorural-eltorcal.com\/fr\/"},{"@type":"ListItem","position":2,"name":"Association","item":"https:\/\/turismorural-eltorcal.com\/fr\/association\/"},{"@type":"ListItem","position":3,"name":"O\u00f9 sommes-nous"}]},{"@type":"WebSite","@id":"https:\/\/turismorural-eltorcal.com\/fr\/#website","url":"https:\/\/turismorural-eltorcal.com\/fr\/","name":"Turismo Rural Sur El Torcal","description":"Des maisons rurales avec enchantement dans les endroits du Torcal d'Antequera","publisher":{"@id":"https:\/\/turismorural-eltorcal.com\/fr\/#organization"},"potentialAction":[{"@type":"SearchAction","target":{"@type":"EntryPoint","urlTemplate":"https:\/\/turismorural-eltorcal.com\/fr\/?s={search_term_string}"},"query-input":{"@type":"PropertyValueSpecification","valueRequired":true,"valueName":"search_term_string"}}],"inLanguage":"fr-FR"},{"@type":"Organization","@id":"https:\/\/turismorural-eltorcal.com\/fr\/#organization","name":"Turismo Rural Sur El Torcal","url":"https:\/\/turismorural-eltorcal.com\/fr\/","logo":{"@type":"ImageObject","inLanguage":"fr-FR","@id":"https:\/\/turismorural-eltorcal.com\/fr\/#\/schema\/logo\/image\/","url":"https:\/\/www.turismorural-eltorcal.com\/wp-content\/uploads\/turismo-rural-sur-el-torcal-logo.png","contentUrl":"https:\/\/www.turismorural-eltorcal.com\/wp-content\/uploads\/turismo-rural-sur-el-torcal-logo.png","width":400,"height":50,"caption":"Turismo Rural Sur El Torcal"},"image":{"@id":"https:\/\/turismorural-eltorcal.com\/fr\/#\/schema\/logo\/image\/"},"sameAs":["https:\/\/www.facebook.com\/turismoruraleltorcal\/","https:\/\/x.com\/RuralTorcal"]}]}},"_links":{"self":[{"href":"https:\/\/turismorural-eltorcal.com\/fr\/wp-json\/wp\/v2\/pages\/3982","targetHints":{"allow":["GET"]}}],"collection":[{"href":"https:\/\/turismorural-eltorcal.com\/fr\/wp-json\/wp\/v2\/pages"}],"about":[{"href":"https:\/\/turismorural-eltorcal.com\/fr\/wp-json\/wp\/v2\/types\/page"}],"author":[{"embeddable":true,"href":"https:\/\/turismorural-eltorcal.com\/fr\/wp-json\/wp\/v2\/users\/6"}],"replies":[{"embeddable":true,"href":"https:\/\/turismorural-eltorcal.com\/fr\/wp-json\/wp\/v2\/comments?post=3982"}],"version-history":[{"count":1,"href":"https:\/\/turismorural-eltorcal.com\/fr\/wp-json\/wp\/v2\/pages\/3982\/revisions"}],"predecessor-version":[{"id":3983,"href":"https:\/\/turismorural-eltorcal.com\/fr\/wp-json\/wp\/v2\/pages\/3982\/revisions\/3983"}],"up":[{"embeddable":true,"href":"https:\/\/turismorural-eltorcal.com\/fr\/wp-json\/wp\/v2\/pages\/3984"}],"wp:attachment":[{"href":"https:\/\/turismorural-eltorcal.com\/fr\/wp-json\/wp\/v2\/media?parent=3982"}],"curies":[{"name":"wp","href":"https:\/\/api.w.org\/{rel}","templated":true}]}}