{"id":3972,"date":"2017-02-07T13:30:43","date_gmt":"2017-02-07T12:30:43","guid":{"rendered":"http:\/\/devel.turismorural-eltorcal.com\/avis-legal\/"},"modified":"2017-02-17T10:59:17","modified_gmt":"2017-02-17T09:59:17","slug":"avis-legal","status":"publish","type":"page","link":"https:\/\/turismorural-eltorcal.com\/fr\/avis-legal\/","title":{"rendered":"Avis L\u00e9gal"},"content":{"rendered":"<section class=\"wpb-content-wrapper\"><p>[vc_row][vc_column][vc_column_text]<\/p>\n<p>L\u00b4 Association de Tourisme Rural Sud \u00a0\u00bb El Torcal\u00a0\u00bb est une association inscrite dans le Registre des Associations du Minist\u00e8re de Justice et de l&rsquo;Administration Publique Andalouse de Malaga, avec num\u00e9ro d&rsquo;enregistrement 5672, num\u00e9ro d\u00b4identification: G92296045 et avec domicile \u00e0  La Higuera, PO Box 112, 29260 Antequera, M\u00e1laga.<\/p>\n<p>Copyright \u00a9. Le contenu de ce site web est propri\u00e9t\u00e9 de l\u2019Association de Tourisme Rural  Sud  \u201cEl Torcal\u201d. La reproduction de tout ou partie du contenu, sauf autorisation \u00e9crite de notre Association. La reproduction, la copie, l&rsquo;utilisation, distribution, commercialisation, communication publique ou toute autre activit\u00e9 que vous pouvez faire avec l&rsquo;information contenue dans ce site et effectu\u00e9e sans l&rsquo;autorisation de l\u2019Association de Tourisme Rural  Sud \u201cEl Torcal\u201d est une violation et peut \u00eatre poursuivis conform\u00e9ment \u00e0 la loi. \u00ab\u00a0<\/p>\n<p>[\/vc_column_text][\/vc_column][\/vc_row]<\/p>\n<\/section>","protected":false},"excerpt":{"rendered":"<p>[vc_row][vc_column][vc_column_text] L\u00b4 Association de Tourisme Rural Sud \u00a0\u00bb El Torcal\u00a0\u00bb est une association inscrite dans le Registre des Associations du Minist\u00e8re de Justice et de l&rsquo;Administration Publique Andalouse de Malaga, avec num\u00e9ro d&rsquo;enregistrement 5672, num\u00e9ro d\u00b4identification: G92296045 et avec domicile \u00e0 La Higuera, PO Box 112, 29260 Antequera, M\u00e1laga. Copyright \u00a9. Le contenu de ce<\/p>\n<div class=\"padding-top text-center\"><a href=\"https:\/\/turismorural-eltorcal.com\/fr\/avis-legal\/\" class=\"atbtn atbtn--medium atbtn--rounded atbtn--transparent\">Leer m\u00e1s<i class=\"atbtn__icon atbtn__icon--right fa fa-long-arrow-right\"><\/i><\/a><\/div>\n","protected":false},"author":6,"featured_media":0,"parent":0,"menu_order":0,"comment_status":"closed","ping_status":"closed","template":"","meta":{"footnotes":""},"class_list":["post-3972","page","type-page","status-publish","hentry"],"yoast_head":"<!-- This site is optimized with the Yoast SEO plugin v27.3 - https:\/\/yoast.com\/product\/yoast-seo-wordpress\/ -->\n<title>Avis L\u00e9gal - Turismo Rural Sur El Torcal<\/title>\n<meta name=\"robots\" content=\"index, follow, max-snippet:-1, max-image-preview:large, max-video-preview:-1\" \/>\n<link rel=\"canonical\" href=\"https:\/\/turismorural-eltorcal.com\/fr\/avis-legal\/\" \/>\n<meta property=\"og:locale\" content=\"fr_FR\" \/>\n<meta property=\"og:type\" content=\"article\" \/>\n<meta property=\"og:title\" content=\"Avis L\u00e9gal - Turismo Rural Sur El Torcal\" \/>\n<meta property=\"og:description\" content=\"[vc_row][vc_column][vc_column_text] L\u00b4 Association de Tourisme Rural Sud \u00a0\u00bb El Torcal\u00a0\u00bb est une association inscrite dans le Registre des Associations du Minist\u00e8re de Justice et de l&rsquo;Administration Publique Andalouse de Malaga, avec num\u00e9ro d&rsquo;enregistrement 5672, num\u00e9ro d\u00b4identification: G92296045 et avec domicile \u00e0 La Higuera, PO Box 112, 29260 Antequera, M\u00e1laga. Copyright \u00a9. Le contenu de ceLeer m\u00e1s\" \/>\n<meta property=\"og:url\" content=\"https:\/\/turismorural-eltorcal.com\/fr\/avis-legal\/\" \/>\n<meta property=\"og:site_name\" content=\"Turismo Rural Sur El Torcal\" \/>\n<meta property=\"article:publisher\" content=\"https:\/\/www.facebook.com\/turismoruraleltorcal\/\" \/>\n<meta property=\"article:modified_time\" content=\"2017-02-17T09:59:17+00:00\" \/>\n<meta name=\"twitter:card\" content=\"summary_large_image\" \/>\n<meta name=\"twitter:site\" content=\"@RuralTorcal\" \/>\n<meta name=\"twitter:label1\" content=\"Dur\u00e9e de lecture estim\u00e9e\" \/>\n\t<meta name=\"twitter:data1\" content=\"1 minute\" \/>\n<script type=\"application\/ld+json\" class=\"yoast-schema-graph\">{\"@context\":\"https:\\\/\\\/schema.org\",\"@graph\":[{\"@type\":\"WebPage\",\"@id\":\"https:\\\/\\\/turismorural-eltorcal.com\\\/fr\\\/avis-legal\\\/\",\"url\":\"https:\\\/\\\/turismorural-eltorcal.com\\\/fr\\\/avis-legal\\\/\",\"name\":\"Avis L\u00e9gal - Turismo Rural Sur El Torcal\",\"isPartOf\":{\"@id\":\"https:\\\/\\\/turismorural-eltorcal.com\\\/fr\\\/#website\"},\"datePublished\":\"2017-02-07T12:30:43+00:00\",\"dateModified\":\"2017-02-17T09:59:17+00:00\",\"breadcrumb\":{\"@id\":\"https:\\\/\\\/turismorural-eltorcal.com\\\/fr\\\/avis-legal\\\/#breadcrumb\"},\"inLanguage\":\"fr-FR\",\"potentialAction\":[{\"@type\":\"ReadAction\",\"target\":[\"https:\\\/\\\/turismorural-eltorcal.com\\\/fr\\\/avis-legal\\\/\"]}]},{\"@type\":\"BreadcrumbList\",\"@id\":\"https:\\\/\\\/turismorural-eltorcal.com\\\/fr\\\/avis-legal\\\/#breadcrumb\",\"itemListElement\":[{\"@type\":\"ListItem\",\"position\":1,\"name\":\"Portada\",\"item\":\"https:\\\/\\\/turismorural-eltorcal.com\\\/fr\\\/\"},{\"@type\":\"ListItem\",\"position\":2,\"name\":\"Avis L\u00e9gal\"}]},{\"@type\":\"WebSite\",\"@id\":\"https:\\\/\\\/turismorural-eltorcal.com\\\/fr\\\/#website\",\"url\":\"https:\\\/\\\/turismorural-eltorcal.com\\\/fr\\\/\",\"name\":\"Turismo Rural Sur El Torcal\",\"description\":\"Des maisons rurales avec enchantement dans les endroits du Torcal d'Antequera\",\"publisher\":{\"@id\":\"https:\\\/\\\/turismorural-eltorcal.com\\\/fr\\\/#organization\"},\"potentialAction\":[{\"@type\":\"SearchAction\",\"target\":{\"@type\":\"EntryPoint\",\"urlTemplate\":\"https:\\\/\\\/turismorural-eltorcal.com\\\/fr\\\/?s={search_term_string}\"},\"query-input\":{\"@type\":\"PropertyValueSpecification\",\"valueRequired\":true,\"valueName\":\"search_term_string\"}}],\"inLanguage\":\"fr-FR\"},{\"@type\":\"Organization\",\"@id\":\"https:\\\/\\\/turismorural-eltorcal.com\\\/fr\\\/#organization\",\"name\":\"Turismo Rural Sur El Torcal\",\"url\":\"https:\\\/\\\/turismorural-eltorcal.com\\\/fr\\\/\",\"logo\":{\"@type\":\"ImageObject\",\"inLanguage\":\"fr-FR\",\"@id\":\"https:\\\/\\\/turismorural-eltorcal.com\\\/fr\\\/#\\\/schema\\\/logo\\\/image\\\/\",\"url\":\"https:\\\/\\\/www.turismorural-eltorcal.com\\\/wp-content\\\/uploads\\\/turismo-rural-sur-el-torcal-logo.png\",\"contentUrl\":\"https:\\\/\\\/www.turismorural-eltorcal.com\\\/wp-content\\\/uploads\\\/turismo-rural-sur-el-torcal-logo.png\",\"width\":400,\"height\":50,\"caption\":\"Turismo Rural Sur El Torcal\"},\"image\":{\"@id\":\"https:\\\/\\\/turismorural-eltorcal.com\\\/fr\\\/#\\\/schema\\\/logo\\\/image\\\/\"},\"sameAs\":[\"https:\\\/\\\/www.facebook.com\\\/turismoruraleltorcal\\\/\",\"https:\\\/\\\/x.com\\\/RuralTorcal\"]}]}<\/script>\n<!-- \/ Yoast SEO plugin. -->","yoast_head_json":{"title":"Avis L\u00e9gal - Turismo Rural Sur El Torcal","robots":{"index":"index","follow":"follow","max-snippet":"max-snippet:-1","max-image-preview":"max-image-preview:large","max-video-preview":"max-video-preview:-1"},"canonical":"https:\/\/turismorural-eltorcal.com\/fr\/avis-legal\/","og_locale":"fr_FR","og_type":"article","og_title":"Avis L\u00e9gal - Turismo Rural Sur El Torcal","og_description":"[vc_row][vc_column][vc_column_text] L\u00b4 Association de Tourisme Rural Sud \u00a0\u00bb El Torcal\u00a0\u00bb est une association inscrite dans le Registre des Associations du Minist\u00e8re de Justice et de l&rsquo;Administration Publique Andalouse de Malaga, avec num\u00e9ro d&rsquo;enregistrement 5672, num\u00e9ro d\u00b4identification: G92296045 et avec domicile \u00e0 La Higuera, PO Box 112, 29260 Antequera, M\u00e1laga. Copyright \u00a9. Le contenu de ceLeer m\u00e1s","og_url":"https:\/\/turismorural-eltorcal.com\/fr\/avis-legal\/","og_site_name":"Turismo Rural Sur El Torcal","article_publisher":"https:\/\/www.facebook.com\/turismoruraleltorcal\/","article_modified_time":"2017-02-17T09:59:17+00:00","twitter_card":"summary_large_image","twitter_site":"@RuralTorcal","twitter_misc":{"Dur\u00e9e de lecture estim\u00e9e":"1 minute"},"schema":{"@context":"https:\/\/schema.org","@graph":[{"@type":"WebPage","@id":"https:\/\/turismorural-eltorcal.com\/fr\/avis-legal\/","url":"https:\/\/turismorural-eltorcal.com\/fr\/avis-legal\/","name":"Avis L\u00e9gal - Turismo Rural Sur El Torcal","isPartOf":{"@id":"https:\/\/turismorural-eltorcal.com\/fr\/#website"},"datePublished":"2017-02-07T12:30:43+00:00","dateModified":"2017-02-17T09:59:17+00:00","breadcrumb":{"@id":"https:\/\/turismorural-eltorcal.com\/fr\/avis-legal\/#breadcrumb"},"inLanguage":"fr-FR","potentialAction":[{"@type":"ReadAction","target":["https:\/\/turismorural-eltorcal.com\/fr\/avis-legal\/"]}]},{"@type":"BreadcrumbList","@id":"https:\/\/turismorural-eltorcal.com\/fr\/avis-legal\/#breadcrumb","itemListElement":[{"@type":"ListItem","position":1,"name":"Portada","item":"https:\/\/turismorural-eltorcal.com\/fr\/"},{"@type":"ListItem","position":2,"name":"Avis L\u00e9gal"}]},{"@type":"WebSite","@id":"https:\/\/turismorural-eltorcal.com\/fr\/#website","url":"https:\/\/turismorural-eltorcal.com\/fr\/","name":"Turismo Rural Sur El Torcal","description":"Des maisons rurales avec enchantement dans les endroits du Torcal d'Antequera","publisher":{"@id":"https:\/\/turismorural-eltorcal.com\/fr\/#organization"},"potentialAction":[{"@type":"SearchAction","target":{"@type":"EntryPoint","urlTemplate":"https:\/\/turismorural-eltorcal.com\/fr\/?s={search_term_string}"},"query-input":{"@type":"PropertyValueSpecification","valueRequired":true,"valueName":"search_term_string"}}],"inLanguage":"fr-FR"},{"@type":"Organization","@id":"https:\/\/turismorural-eltorcal.com\/fr\/#organization","name":"Turismo Rural Sur El Torcal","url":"https:\/\/turismorural-eltorcal.com\/fr\/","logo":{"@type":"ImageObject","inLanguage":"fr-FR","@id":"https:\/\/turismorural-eltorcal.com\/fr\/#\/schema\/logo\/image\/","url":"https:\/\/www.turismorural-eltorcal.com\/wp-content\/uploads\/turismo-rural-sur-el-torcal-logo.png","contentUrl":"https:\/\/www.turismorural-eltorcal.com\/wp-content\/uploads\/turismo-rural-sur-el-torcal-logo.png","width":400,"height":50,"caption":"Turismo Rural Sur El Torcal"},"image":{"@id":"https:\/\/turismorural-eltorcal.com\/fr\/#\/schema\/logo\/image\/"},"sameAs":["https:\/\/www.facebook.com\/turismoruraleltorcal\/","https:\/\/x.com\/RuralTorcal"]}]}},"_links":{"self":[{"href":"https:\/\/turismorural-eltorcal.com\/fr\/wp-json\/wp\/v2\/pages\/3972","targetHints":{"allow":["GET"]}}],"collection":[{"href":"https:\/\/turismorural-eltorcal.com\/fr\/wp-json\/wp\/v2\/pages"}],"about":[{"href":"https:\/\/turismorural-eltorcal.com\/fr\/wp-json\/wp\/v2\/types\/page"}],"author":[{"embeddable":true,"href":"https:\/\/turismorural-eltorcal.com\/fr\/wp-json\/wp\/v2\/users\/6"}],"replies":[{"embeddable":true,"href":"https:\/\/turismorural-eltorcal.com\/fr\/wp-json\/wp\/v2\/comments?post=3972"}],"version-history":[{"count":2,"href":"https:\/\/turismorural-eltorcal.com\/fr\/wp-json\/wp\/v2\/pages\/3972\/revisions"}],"predecessor-version":[{"id":4211,"href":"https:\/\/turismorural-eltorcal.com\/fr\/wp-json\/wp\/v2\/pages\/3972\/revisions\/4211"}],"wp:attachment":[{"href":"https:\/\/turismorural-eltorcal.com\/fr\/wp-json\/wp\/v2\/media?parent=3972"}],"curies":[{"name":"wp","href":"https:\/\/api.w.org\/{rel}","templated":true}]}}