{"id":3980,"date":"2017-02-07T13:38:46","date_gmt":"2017-02-07T12:38:46","guid":{"rendered":"http:\/\/devel.turismorural-eltorcal.com\/ueber-den-verein\/"},"modified":"2017-02-09T09:53:03","modified_gmt":"2017-02-09T08:53:03","slug":"ueber-den-verein","status":"publish","type":"page","link":"https:\/\/turismorural-eltorcal.com\/de\/ueber-den-verein\/","title":{"rendered":"\u00dcber den Verein"},"content":{"rendered":"<section class=\"wpb-content-wrapper\"><p>[vc_row][vc_column width=&#8220;1\/4&#8243;][vc_wp_custommenu nav_menu=&#8220;92&#8243;][\/vc_column][vc_column width=&#8220;3\/4&#8243;][vc_column_text]Unser Touristenverein Asociaci\u00f3n de Turismo Rural Sur de \u201cEl Torcal\u201d entstand im Jahr 1990 durch die Vereinigung der Eigent\u00fcmer von Ferienh\u00e4usern, Ferienvillen, Fincas und Landh\u00e4usern in der Region im S\u00fcden des Naturparks El Torcal, in der Gemeinde Antequera Provinz M\u00e1laga, um den Tourismus zu bekannt zu machen und zu f\u00f6rdern.<\/p>\n<p>Zum Beispiel mit folgenden Aktivit\u00e4ten m\u00f6chten wir dieses Ziel erreichen:<\/p>\n<ul class=\"asociacion\">\n<li>Bewerbung der Region \u201cZona Sur de El Torcal\u201d durch Verteilung von Nachrichten und Reportagen an die verschiedenen Kommunikationsmedien. Gleichzeitig Nutzung des Internets zur Bekanntmachung unseres Touristenvereines. Au\u00dferdem Umsetzung zahlreicher Aktionen wie Erarbeiten informativer Prospekte und Brosch\u00fcren und Teilnahme an Messen und anderen interessanten Veranstaltungen durch Vereinsmitglieder.<\/li>\n<li>St\u00e4ndiger Pflege der Kontakte und der Zusammenarbeit mit den verschiedenen Beh\u00f6rden und Organismen, sowohl \u00f6ffentliche wie auch private, die der Realisierung der Ziele des Vereines dienen.<\/li>\n<li>Beantragung von Zusch\u00fcssen, Subventionen und Leistungszulagen bei \u00f6ffentlichen Beh\u00f6rden und anderen Organismen, sowohl \u00f6ffentliche wie auch private, zur Weiterentwicklung des Vereines und zur effizienteren Erreichung seiner Ziele.<\/li>\n<\/ul>\n<p>[\/vc_column_text][\/vc_column][\/vc_row]<\/p>\n<\/section>","protected":false},"excerpt":{"rendered":"<p>[vc_row][vc_column width=&#8220;1\/4&#8243;][vc_wp_custommenu nav_menu=&#8220;92&#8243;][\/vc_column][vc_column width=&#8220;3\/4&#8243;][vc_column_text]Unser Touristenverein Asociaci\u00f3n de Turismo Rural Sur de \u201cEl Torcal\u201d entstand im Jahr 1990 durch die Vereinigung der Eigent\u00fcmer von Ferienh\u00e4usern, Ferienvillen, Fincas und Landh\u00e4usern in der Region im S\u00fcden des Naturparks El Torcal, in der Gemeinde Antequera Provinz M\u00e1laga, um den Tourismus zu bekannt zu machen und zu f\u00f6rdern. Zum Beispiel<\/p>\n<div class=\"padding-top text-center\"><a href=\"https:\/\/turismorural-eltorcal.com\/de\/ueber-den-verein\/\" class=\"atbtn atbtn--medium atbtn--rounded atbtn--transparent\">Read more<i class=\"atbtn__icon atbtn__icon--right fa fa-long-arrow-right\"><\/i><\/a><\/div>\n","protected":false},"author":6,"featured_media":0,"parent":0,"menu_order":0,"comment_status":"closed","ping_status":"closed","template":"","meta":{"footnotes":""},"class_list":["post-3980","page","type-page","status-publish","hentry"],"yoast_head":"<!-- This site is optimized with the Yoast SEO plugin v27.3 - https:\/\/yoast.com\/product\/yoast-seo-wordpress\/ -->\n<title>\u00dcber den Verein - Turismo Rural Sur El Torcal<\/title>\n<meta name=\"robots\" content=\"index, follow, max-snippet:-1, max-image-preview:large, max-video-preview:-1\" \/>\n<link rel=\"canonical\" href=\"https:\/\/turismorural-eltorcal.com\/de\/ueber-den-verein\/\" \/>\n<meta property=\"og:locale\" content=\"de_DE\" \/>\n<meta property=\"og:type\" content=\"article\" \/>\n<meta property=\"og:title\" content=\"\u00dcber den Verein - Turismo Rural Sur El Torcal\" \/>\n<meta property=\"og:description\" content=\"[vc_row][vc_column width=&#8220;1\/4&#8243;][vc_wp_custommenu nav_menu=&#8220;92&#8243;][\/vc_column][vc_column width=&#8220;3\/4&#8243;][vc_column_text]Unser Touristenverein Asociaci\u00f3n de Turismo Rural Sur de \u201cEl Torcal\u201d entstand im Jahr 1990 durch die Vereinigung der Eigent\u00fcmer von Ferienh\u00e4usern, Ferienvillen, Fincas und Landh\u00e4usern in der Region im S\u00fcden des Naturparks El Torcal, in der Gemeinde Antequera Provinz M\u00e1laga, um den Tourismus zu bekannt zu machen und zu f\u00f6rdern. Zum BeispielRead more\" \/>\n<meta property=\"og:url\" content=\"https:\/\/turismorural-eltorcal.com\/de\/ueber-den-verein\/\" \/>\n<meta property=\"og:site_name\" content=\"Turismo Rural Sur El Torcal\" \/>\n<meta property=\"article:publisher\" content=\"https:\/\/www.facebook.com\/turismoruraleltorcal\/\" \/>\n<meta property=\"article:modified_time\" content=\"2017-02-09T08:53:03+00:00\" \/>\n<meta name=\"twitter:card\" content=\"summary_large_image\" \/>\n<meta name=\"twitter:site\" content=\"@RuralTorcal\" \/>\n<meta name=\"twitter:label1\" content=\"Gesch\u00e4tzte Lesezeit\" \/>\n\t<meta name=\"twitter:data1\" content=\"1\u00a0Minute\" \/>\n<script type=\"application\/ld+json\" class=\"yoast-schema-graph\">{\"@context\":\"https:\\\/\\\/schema.org\",\"@graph\":[{\"@type\":\"WebPage\",\"@id\":\"https:\\\/\\\/turismorural-eltorcal.com\\\/de\\\/ueber-den-verein\\\/\",\"url\":\"https:\\\/\\\/turismorural-eltorcal.com\\\/de\\\/ueber-den-verein\\\/\",\"name\":\"\u00dcber den Verein - Turismo Rural Sur El Torcal\",\"isPartOf\":{\"@id\":\"https:\\\/\\\/turismorural-eltorcal.com\\\/de\\\/#website\"},\"datePublished\":\"2017-02-07T12:38:46+00:00\",\"dateModified\":\"2017-02-09T08:53:03+00:00\",\"breadcrumb\":{\"@id\":\"https:\\\/\\\/turismorural-eltorcal.com\\\/de\\\/ueber-den-verein\\\/#breadcrumb\"},\"inLanguage\":\"de\",\"potentialAction\":[{\"@type\":\"ReadAction\",\"target\":[\"https:\\\/\\\/turismorural-eltorcal.com\\\/de\\\/ueber-den-verein\\\/\"]}]},{\"@type\":\"BreadcrumbList\",\"@id\":\"https:\\\/\\\/turismorural-eltorcal.com\\\/de\\\/ueber-den-verein\\\/#breadcrumb\",\"itemListElement\":[{\"@type\":\"ListItem\",\"position\":1,\"name\":\"Portada\",\"item\":\"https:\\\/\\\/turismorural-eltorcal.com\\\/de\\\/\"},{\"@type\":\"ListItem\",\"position\":2,\"name\":\"\u00dcber den Verein\"}]},{\"@type\":\"WebSite\",\"@id\":\"https:\\\/\\\/turismorural-eltorcal.com\\\/de\\\/#website\",\"url\":\"https:\\\/\\\/turismorural-eltorcal.com\\\/de\\\/\",\"name\":\"Turismo Rural Sur El Torcal\",\"description\":\"Sie heiraten mit Charme in den Stellen von Torcal von Antequera l\u00e4ndlich\",\"publisher\":{\"@id\":\"https:\\\/\\\/turismorural-eltorcal.com\\\/de\\\/#organization\"},\"potentialAction\":[{\"@type\":\"SearchAction\",\"target\":{\"@type\":\"EntryPoint\",\"urlTemplate\":\"https:\\\/\\\/turismorural-eltorcal.com\\\/de\\\/?s={search_term_string}\"},\"query-input\":{\"@type\":\"PropertyValueSpecification\",\"valueRequired\":true,\"valueName\":\"search_term_string\"}}],\"inLanguage\":\"de\"},{\"@type\":\"Organization\",\"@id\":\"https:\\\/\\\/turismorural-eltorcal.com\\\/de\\\/#organization\",\"name\":\"Turismo Rural Sur El Torcal\",\"url\":\"https:\\\/\\\/turismorural-eltorcal.com\\\/de\\\/\",\"logo\":{\"@type\":\"ImageObject\",\"inLanguage\":\"de\",\"@id\":\"https:\\\/\\\/turismorural-eltorcal.com\\\/de\\\/#\\\/schema\\\/logo\\\/image\\\/\",\"url\":\"https:\\\/\\\/www.turismorural-eltorcal.com\\\/wp-content\\\/uploads\\\/turismo-rural-sur-el-torcal-logo.png\",\"contentUrl\":\"https:\\\/\\\/www.turismorural-eltorcal.com\\\/wp-content\\\/uploads\\\/turismo-rural-sur-el-torcal-logo.png\",\"width\":400,\"height\":50,\"caption\":\"Turismo Rural Sur El Torcal\"},\"image\":{\"@id\":\"https:\\\/\\\/turismorural-eltorcal.com\\\/de\\\/#\\\/schema\\\/logo\\\/image\\\/\"},\"sameAs\":[\"https:\\\/\\\/www.facebook.com\\\/turismoruraleltorcal\\\/\",\"https:\\\/\\\/x.com\\\/RuralTorcal\"]}]}<\/script>\n<!-- \/ Yoast SEO plugin. -->","yoast_head_json":{"title":"\u00dcber den Verein - Turismo Rural Sur El Torcal","robots":{"index":"index","follow":"follow","max-snippet":"max-snippet:-1","max-image-preview":"max-image-preview:large","max-video-preview":"max-video-preview:-1"},"canonical":"https:\/\/turismorural-eltorcal.com\/de\/ueber-den-verein\/","og_locale":"de_DE","og_type":"article","og_title":"\u00dcber den Verein - Turismo Rural Sur El Torcal","og_description":"[vc_row][vc_column width=&#8220;1\/4&#8243;][vc_wp_custommenu nav_menu=&#8220;92&#8243;][\/vc_column][vc_column width=&#8220;3\/4&#8243;][vc_column_text]Unser Touristenverein Asociaci\u00f3n de Turismo Rural Sur de \u201cEl Torcal\u201d entstand im Jahr 1990 durch die Vereinigung der Eigent\u00fcmer von Ferienh\u00e4usern, Ferienvillen, Fincas und Landh\u00e4usern in der Region im S\u00fcden des Naturparks El Torcal, in der Gemeinde Antequera Provinz M\u00e1laga, um den Tourismus zu bekannt zu machen und zu f\u00f6rdern. Zum BeispielRead more","og_url":"https:\/\/turismorural-eltorcal.com\/de\/ueber-den-verein\/","og_site_name":"Turismo Rural Sur El Torcal","article_publisher":"https:\/\/www.facebook.com\/turismoruraleltorcal\/","article_modified_time":"2017-02-09T08:53:03+00:00","twitter_card":"summary_large_image","twitter_site":"@RuralTorcal","twitter_misc":{"Gesch\u00e4tzte Lesezeit":"1\u00a0Minute"},"schema":{"@context":"https:\/\/schema.org","@graph":[{"@type":"WebPage","@id":"https:\/\/turismorural-eltorcal.com\/de\/ueber-den-verein\/","url":"https:\/\/turismorural-eltorcal.com\/de\/ueber-den-verein\/","name":"\u00dcber den Verein - Turismo Rural Sur El Torcal","isPartOf":{"@id":"https:\/\/turismorural-eltorcal.com\/de\/#website"},"datePublished":"2017-02-07T12:38:46+00:00","dateModified":"2017-02-09T08:53:03+00:00","breadcrumb":{"@id":"https:\/\/turismorural-eltorcal.com\/de\/ueber-den-verein\/#breadcrumb"},"inLanguage":"de","potentialAction":[{"@type":"ReadAction","target":["https:\/\/turismorural-eltorcal.com\/de\/ueber-den-verein\/"]}]},{"@type":"BreadcrumbList","@id":"https:\/\/turismorural-eltorcal.com\/de\/ueber-den-verein\/#breadcrumb","itemListElement":[{"@type":"ListItem","position":1,"name":"Portada","item":"https:\/\/turismorural-eltorcal.com\/de\/"},{"@type":"ListItem","position":2,"name":"\u00dcber den Verein"}]},{"@type":"WebSite","@id":"https:\/\/turismorural-eltorcal.com\/de\/#website","url":"https:\/\/turismorural-eltorcal.com\/de\/","name":"Turismo Rural Sur El Torcal","description":"Sie heiraten mit Charme in den Stellen von Torcal von Antequera l\u00e4ndlich","publisher":{"@id":"https:\/\/turismorural-eltorcal.com\/de\/#organization"},"potentialAction":[{"@type":"SearchAction","target":{"@type":"EntryPoint","urlTemplate":"https:\/\/turismorural-eltorcal.com\/de\/?s={search_term_string}"},"query-input":{"@type":"PropertyValueSpecification","valueRequired":true,"valueName":"search_term_string"}}],"inLanguage":"de"},{"@type":"Organization","@id":"https:\/\/turismorural-eltorcal.com\/de\/#organization","name":"Turismo Rural Sur El Torcal","url":"https:\/\/turismorural-eltorcal.com\/de\/","logo":{"@type":"ImageObject","inLanguage":"de","@id":"https:\/\/turismorural-eltorcal.com\/de\/#\/schema\/logo\/image\/","url":"https:\/\/www.turismorural-eltorcal.com\/wp-content\/uploads\/turismo-rural-sur-el-torcal-logo.png","contentUrl":"https:\/\/www.turismorural-eltorcal.com\/wp-content\/uploads\/turismo-rural-sur-el-torcal-logo.png","width":400,"height":50,"caption":"Turismo Rural Sur El Torcal"},"image":{"@id":"https:\/\/turismorural-eltorcal.com\/de\/#\/schema\/logo\/image\/"},"sameAs":["https:\/\/www.facebook.com\/turismoruraleltorcal\/","https:\/\/x.com\/RuralTorcal"]}]}},"_links":{"self":[{"href":"https:\/\/turismorural-eltorcal.com\/de\/wp-json\/wp\/v2\/pages\/3980","targetHints":{"allow":["GET"]}}],"collection":[{"href":"https:\/\/turismorural-eltorcal.com\/de\/wp-json\/wp\/v2\/pages"}],"about":[{"href":"https:\/\/turismorural-eltorcal.com\/de\/wp-json\/wp\/v2\/types\/page"}],"author":[{"embeddable":true,"href":"https:\/\/turismorural-eltorcal.com\/de\/wp-json\/wp\/v2\/users\/6"}],"replies":[{"embeddable":true,"href":"https:\/\/turismorural-eltorcal.com\/de\/wp-json\/wp\/v2\/comments?post=3980"}],"version-history":[{"count":1,"href":"https:\/\/turismorural-eltorcal.com\/de\/wp-json\/wp\/v2\/pages\/3980\/revisions"}],"predecessor-version":[{"id":3981,"href":"https:\/\/turismorural-eltorcal.com\/de\/wp-json\/wp\/v2\/pages\/3980\/revisions\/3981"}],"wp:attachment":[{"href":"https:\/\/turismorural-eltorcal.com\/de\/wp-json\/wp\/v2\/media?parent=3980"}],"curies":[{"name":"wp","href":"https:\/\/api.w.org\/{rel}","templated":true}]}}