{"id":3978,"date":"2017-02-07T13:37:58","date_gmt":"2017-02-07T12:37:58","guid":{"rendered":"http:\/\/devel.turismorural-eltorcal.com\/wo-sind-wir\/"},"modified":"2017-02-09T09:53:16","modified_gmt":"2017-02-09T08:53:16","slug":"wo-sind-wir","status":"publish","type":"page","link":"https:\/\/turismorural-eltorcal.com\/de\/ueber-den-verein\/wo-sind-wir\/","title":{"rendered":"Wo sind wir"},"content":{"rendered":"<section class=\"wpb-content-wrapper\"><p>[vc_row][vc_column width=&#8220;1\/4&#8243;][vc_wp_custommenu nav_menu=&#8220;92&#8243;][\/vc_column][vc_column width=&#8220;1\/2&#8243;][vc_column_text]In S\u00fcdspanien, in der Region von Antequera (M\u00e1laga), im Herzen von Andalusien, ist es eines der sch\u00f6nsten und einzigartigen Naturlandschaften des Landes, El Torcal, ein perfekter Ort, um die Schnelllebigkeit der Stadt-Umgebung zu entkommen und genie\u00dfen Sie den l\u00e4ndlichen Tourismus in Andalusien durch die Ruhe, die Kontakt mit der Natur bietet, die Freundlichkeit der Menschen, inmitten eines typischen Mittelmeerklima mit einem spektakul\u00e4ren Fr\u00fchling durch seine Farben und Ger\u00fcche, mit einem hei\u00dfen Sommer, mit einem mild und regnerischen Herbst und einen milden Winter und warm.<\/p>\n<p>Dazu hat der Verband des l\u00e4ndlichen Tourismus &#8222;s\u00fcdlich von El Torcal&#8220; eine Reihe von kleinen H\u00e4uschen in Antequera, gem\u00fctlich und mit gro\u00dfer Sorgfalt und Qualit\u00e4t constrastada seit 1990, die den Besuchern die M\u00f6glichkeit bieten zu f\u00fchlen, wie zu Hause.<\/p>\n<p>Dar\u00fcber hinaus Besucher, die dieses Ziel w\u00e4hlen k\u00f6nnen eine Vielzahl von Outdoor-Aktivit\u00e4ten (Wandern, Reiten oder Radfahren, Klettern, Golf, Paragliding), probieren Sie die lokale Gastronomie, Ausfl\u00fcge zu den wichtigsten St\u00e4dten zu genie\u00dfen Andalusien: Cordoba, Granada, Sevilla, Ronda, Malaga, genie\u00dfen traditionelle Feste und vielf\u00e4ltige kulturelle Angebot und (Besuchen Sie das Picasso-Museum, Thyssen, etc.).<\/p>\n<p>Zweifellos eine gro\u00dfartige Kombination f\u00fcr einen kurzen Urlaub und Erholung, die den l\u00e4ndlichen Tourismus in Andalusien zu genie\u00dfen.[\/vc_column_text][\/vc_column][vc_column width=&#8220;1\/4&#8243;][vc_single_image image=&#8220;3909&#8243; img_size=&#8220;full&#8220; alignment=&#8220;center&#8220;][\/vc_column][\/vc_row]<\/p>\n<\/section>","protected":false},"excerpt":{"rendered":"<p>[vc_row][vc_column width=&#8220;1\/4&#8243;][vc_wp_custommenu nav_menu=&#8220;92&#8243;][\/vc_column][vc_column width=&#8220;1\/2&#8243;][vc_column_text]In S\u00fcdspanien, in der Region von Antequera (M\u00e1laga), im Herzen von Andalusien, ist es eines der sch\u00f6nsten und einzigartigen Naturlandschaften des Landes, El Torcal, ein perfekter Ort, um die Schnelllebigkeit der Stadt-Umgebung zu entkommen und genie\u00dfen Sie den l\u00e4ndlichen Tourismus in Andalusien durch die Ruhe, die Kontakt mit der Natur bietet, die<\/p>\n<div class=\"padding-top text-center\"><a href=\"https:\/\/turismorural-eltorcal.com\/de\/ueber-den-verein\/wo-sind-wir\/\" class=\"atbtn atbtn--medium atbtn--rounded atbtn--transparent\">Read more<i class=\"atbtn__icon atbtn__icon--right fa fa-long-arrow-right\"><\/i><\/a><\/div>\n","protected":false},"author":6,"featured_media":0,"parent":3980,"menu_order":0,"comment_status":"closed","ping_status":"closed","template":"","meta":{"footnotes":""},"class_list":["post-3978","page","type-page","status-publish","hentry"],"yoast_head":"<!-- This site is optimized with the Yoast SEO plugin v27.4 - https:\/\/yoast.com\/product\/yoast-seo-wordpress\/ -->\n<title>Wo sind wir - Turismo Rural Sur El Torcal<\/title>\n<meta name=\"robots\" content=\"index, follow, max-snippet:-1, max-image-preview:large, max-video-preview:-1\" \/>\n<link rel=\"canonical\" href=\"https:\/\/turismorural-eltorcal.com\/de\/ueber-den-verein\/wo-sind-wir\/\" \/>\n<meta property=\"og:locale\" content=\"de_DE\" \/>\n<meta property=\"og:type\" content=\"article\" \/>\n<meta property=\"og:title\" content=\"Wo sind wir - Turismo Rural Sur El Torcal\" \/>\n<meta property=\"og:description\" content=\"[vc_row][vc_column width=&#8220;1\/4&#8243;][vc_wp_custommenu nav_menu=&#8220;92&#8243;][\/vc_column][vc_column width=&#8220;1\/2&#8243;][vc_column_text]In S\u00fcdspanien, in der Region von Antequera (M\u00e1laga), im Herzen von Andalusien, ist es eines der sch\u00f6nsten und einzigartigen Naturlandschaften des Landes, El Torcal, ein perfekter Ort, um die Schnelllebigkeit der Stadt-Umgebung zu entkommen und genie\u00dfen Sie den l\u00e4ndlichen Tourismus in Andalusien durch die Ruhe, die Kontakt mit der Natur bietet, dieRead more\" \/>\n<meta property=\"og:url\" content=\"https:\/\/turismorural-eltorcal.com\/de\/ueber-den-verein\/wo-sind-wir\/\" \/>\n<meta property=\"og:site_name\" content=\"Turismo Rural Sur El Torcal\" \/>\n<meta property=\"article:publisher\" content=\"https:\/\/www.facebook.com\/turismoruraleltorcal\/\" \/>\n<meta property=\"article:modified_time\" content=\"2017-02-09T08:53:16+00:00\" \/>\n<meta name=\"twitter:card\" content=\"summary_large_image\" \/>\n<meta name=\"twitter:site\" content=\"@RuralTorcal\" \/>\n<meta name=\"twitter:label1\" content=\"Gesch\u00e4tzte Lesezeit\" \/>\n\t<meta name=\"twitter:data1\" content=\"1\u00a0Minute\" \/>\n<script type=\"application\/ld+json\" class=\"yoast-schema-graph\">{\"@context\":\"https:\\\/\\\/schema.org\",\"@graph\":[{\"@type\":\"WebPage\",\"@id\":\"https:\\\/\\\/turismorural-eltorcal.com\\\/de\\\/ueber-den-verein\\\/wo-sind-wir\\\/\",\"url\":\"https:\\\/\\\/turismorural-eltorcal.com\\\/de\\\/ueber-den-verein\\\/wo-sind-wir\\\/\",\"name\":\"Wo sind wir - Turismo Rural Sur El Torcal\",\"isPartOf\":{\"@id\":\"https:\\\/\\\/turismorural-eltorcal.com\\\/de\\\/#website\"},\"datePublished\":\"2017-02-07T12:37:58+00:00\",\"dateModified\":\"2017-02-09T08:53:16+00:00\",\"breadcrumb\":{\"@id\":\"https:\\\/\\\/turismorural-eltorcal.com\\\/de\\\/ueber-den-verein\\\/wo-sind-wir\\\/#breadcrumb\"},\"inLanguage\":\"de\",\"potentialAction\":[{\"@type\":\"ReadAction\",\"target\":[\"https:\\\/\\\/turismorural-eltorcal.com\\\/de\\\/ueber-den-verein\\\/wo-sind-wir\\\/\"]}]},{\"@type\":\"BreadcrumbList\",\"@id\":\"https:\\\/\\\/turismorural-eltorcal.com\\\/de\\\/ueber-den-verein\\\/wo-sind-wir\\\/#breadcrumb\",\"itemListElement\":[{\"@type\":\"ListItem\",\"position\":1,\"name\":\"Portada\",\"item\":\"https:\\\/\\\/turismorural-eltorcal.com\\\/de\\\/\"},{\"@type\":\"ListItem\",\"position\":2,\"name\":\"\u00dcber den Verein\",\"item\":\"https:\\\/\\\/turismorural-eltorcal.com\\\/de\\\/ueber-den-verein\\\/\"},{\"@type\":\"ListItem\",\"position\":3,\"name\":\"Wo sind wir\"}]},{\"@type\":\"WebSite\",\"@id\":\"https:\\\/\\\/turismorural-eltorcal.com\\\/de\\\/#website\",\"url\":\"https:\\\/\\\/turismorural-eltorcal.com\\\/de\\\/\",\"name\":\"Turismo Rural Sur El Torcal\",\"description\":\"Sie heiraten mit Charme in den Stellen von Torcal von Antequera l\u00e4ndlich\",\"publisher\":{\"@id\":\"https:\\\/\\\/turismorural-eltorcal.com\\\/de\\\/#organization\"},\"potentialAction\":[{\"@type\":\"SearchAction\",\"target\":{\"@type\":\"EntryPoint\",\"urlTemplate\":\"https:\\\/\\\/turismorural-eltorcal.com\\\/de\\\/?s={search_term_string}\"},\"query-input\":{\"@type\":\"PropertyValueSpecification\",\"valueRequired\":true,\"valueName\":\"search_term_string\"}}],\"inLanguage\":\"de\"},{\"@type\":\"Organization\",\"@id\":\"https:\\\/\\\/turismorural-eltorcal.com\\\/de\\\/#organization\",\"name\":\"Turismo Rural Sur El Torcal\",\"url\":\"https:\\\/\\\/turismorural-eltorcal.com\\\/de\\\/\",\"logo\":{\"@type\":\"ImageObject\",\"inLanguage\":\"de\",\"@id\":\"https:\\\/\\\/turismorural-eltorcal.com\\\/de\\\/#\\\/schema\\\/logo\\\/image\\\/\",\"url\":\"https:\\\/\\\/www.turismorural-eltorcal.com\\\/wp-content\\\/uploads\\\/turismo-rural-sur-el-torcal-logo.png\",\"contentUrl\":\"https:\\\/\\\/www.turismorural-eltorcal.com\\\/wp-content\\\/uploads\\\/turismo-rural-sur-el-torcal-logo.png\",\"width\":400,\"height\":50,\"caption\":\"Turismo Rural Sur El Torcal\"},\"image\":{\"@id\":\"https:\\\/\\\/turismorural-eltorcal.com\\\/de\\\/#\\\/schema\\\/logo\\\/image\\\/\"},\"sameAs\":[\"https:\\\/\\\/www.facebook.com\\\/turismoruraleltorcal\\\/\",\"https:\\\/\\\/x.com\\\/RuralTorcal\"]}]}<\/script>\n<!-- \/ Yoast SEO plugin. -->","yoast_head_json":{"title":"Wo sind wir - Turismo Rural Sur El Torcal","robots":{"index":"index","follow":"follow","max-snippet":"max-snippet:-1","max-image-preview":"max-image-preview:large","max-video-preview":"max-video-preview:-1"},"canonical":"https:\/\/turismorural-eltorcal.com\/de\/ueber-den-verein\/wo-sind-wir\/","og_locale":"de_DE","og_type":"article","og_title":"Wo sind wir - Turismo Rural Sur El Torcal","og_description":"[vc_row][vc_column width=&#8220;1\/4&#8243;][vc_wp_custommenu nav_menu=&#8220;92&#8243;][\/vc_column][vc_column width=&#8220;1\/2&#8243;][vc_column_text]In S\u00fcdspanien, in der Region von Antequera (M\u00e1laga), im Herzen von Andalusien, ist es eines der sch\u00f6nsten und einzigartigen Naturlandschaften des Landes, El Torcal, ein perfekter Ort, um die Schnelllebigkeit der Stadt-Umgebung zu entkommen und genie\u00dfen Sie den l\u00e4ndlichen Tourismus in Andalusien durch die Ruhe, die Kontakt mit der Natur bietet, dieRead more","og_url":"https:\/\/turismorural-eltorcal.com\/de\/ueber-den-verein\/wo-sind-wir\/","og_site_name":"Turismo Rural Sur El Torcal","article_publisher":"https:\/\/www.facebook.com\/turismoruraleltorcal\/","article_modified_time":"2017-02-09T08:53:16+00:00","twitter_card":"summary_large_image","twitter_site":"@RuralTorcal","twitter_misc":{"Gesch\u00e4tzte Lesezeit":"1\u00a0Minute"},"schema":{"@context":"https:\/\/schema.org","@graph":[{"@type":"WebPage","@id":"https:\/\/turismorural-eltorcal.com\/de\/ueber-den-verein\/wo-sind-wir\/","url":"https:\/\/turismorural-eltorcal.com\/de\/ueber-den-verein\/wo-sind-wir\/","name":"Wo sind wir - Turismo Rural Sur El Torcal","isPartOf":{"@id":"https:\/\/turismorural-eltorcal.com\/de\/#website"},"datePublished":"2017-02-07T12:37:58+00:00","dateModified":"2017-02-09T08:53:16+00:00","breadcrumb":{"@id":"https:\/\/turismorural-eltorcal.com\/de\/ueber-den-verein\/wo-sind-wir\/#breadcrumb"},"inLanguage":"de","potentialAction":[{"@type":"ReadAction","target":["https:\/\/turismorural-eltorcal.com\/de\/ueber-den-verein\/wo-sind-wir\/"]}]},{"@type":"BreadcrumbList","@id":"https:\/\/turismorural-eltorcal.com\/de\/ueber-den-verein\/wo-sind-wir\/#breadcrumb","itemListElement":[{"@type":"ListItem","position":1,"name":"Portada","item":"https:\/\/turismorural-eltorcal.com\/de\/"},{"@type":"ListItem","position":2,"name":"\u00dcber den Verein","item":"https:\/\/turismorural-eltorcal.com\/de\/ueber-den-verein\/"},{"@type":"ListItem","position":3,"name":"Wo sind wir"}]},{"@type":"WebSite","@id":"https:\/\/turismorural-eltorcal.com\/de\/#website","url":"https:\/\/turismorural-eltorcal.com\/de\/","name":"Turismo Rural Sur El Torcal","description":"Sie heiraten mit Charme in den Stellen von Torcal von Antequera l\u00e4ndlich","publisher":{"@id":"https:\/\/turismorural-eltorcal.com\/de\/#organization"},"potentialAction":[{"@type":"SearchAction","target":{"@type":"EntryPoint","urlTemplate":"https:\/\/turismorural-eltorcal.com\/de\/?s={search_term_string}"},"query-input":{"@type":"PropertyValueSpecification","valueRequired":true,"valueName":"search_term_string"}}],"inLanguage":"de"},{"@type":"Organization","@id":"https:\/\/turismorural-eltorcal.com\/de\/#organization","name":"Turismo Rural Sur El Torcal","url":"https:\/\/turismorural-eltorcal.com\/de\/","logo":{"@type":"ImageObject","inLanguage":"de","@id":"https:\/\/turismorural-eltorcal.com\/de\/#\/schema\/logo\/image\/","url":"https:\/\/www.turismorural-eltorcal.com\/wp-content\/uploads\/turismo-rural-sur-el-torcal-logo.png","contentUrl":"https:\/\/www.turismorural-eltorcal.com\/wp-content\/uploads\/turismo-rural-sur-el-torcal-logo.png","width":400,"height":50,"caption":"Turismo Rural Sur El Torcal"},"image":{"@id":"https:\/\/turismorural-eltorcal.com\/de\/#\/schema\/logo\/image\/"},"sameAs":["https:\/\/www.facebook.com\/turismoruraleltorcal\/","https:\/\/x.com\/RuralTorcal"]}]}},"_links":{"self":[{"href":"https:\/\/turismorural-eltorcal.com\/de\/wp-json\/wp\/v2\/pages\/3978","targetHints":{"allow":["GET"]}}],"collection":[{"href":"https:\/\/turismorural-eltorcal.com\/de\/wp-json\/wp\/v2\/pages"}],"about":[{"href":"https:\/\/turismorural-eltorcal.com\/de\/wp-json\/wp\/v2\/types\/page"}],"author":[{"embeddable":true,"href":"https:\/\/turismorural-eltorcal.com\/de\/wp-json\/wp\/v2\/users\/6"}],"replies":[{"embeddable":true,"href":"https:\/\/turismorural-eltorcal.com\/de\/wp-json\/wp\/v2\/comments?post=3978"}],"version-history":[{"count":1,"href":"https:\/\/turismorural-eltorcal.com\/de\/wp-json\/wp\/v2\/pages\/3978\/revisions"}],"predecessor-version":[{"id":3979,"href":"https:\/\/turismorural-eltorcal.com\/de\/wp-json\/wp\/v2\/pages\/3978\/revisions\/3979"}],"up":[{"embeddable":true,"href":"https:\/\/turismorural-eltorcal.com\/de\/wp-json\/wp\/v2\/pages\/3980"}],"wp:attachment":[{"href":"https:\/\/turismorural-eltorcal.com\/de\/wp-json\/wp\/v2\/media?parent=3978"}],"curies":[{"name":"wp","href":"https:\/\/api.w.org\/{rel}","templated":true}]}}