{"id":3974,"date":"2017-02-07T13:33:22","date_gmt":"2017-02-07T12:33:22","guid":{"rendered":"http:\/\/devel.turismorural-eltorcal.com\/ich-warne-gesetzlich\/"},"modified":"2017-02-17T11:00:01","modified_gmt":"2017-02-17T10:00:01","slug":"ich-warne-gesetzlich","status":"publish","type":"page","link":"https:\/\/turismorural-eltorcal.com\/de\/ich-warne-gesetzlich\/","title":{"rendered":"Ich warne gesetzlich"},"content":{"rendered":"<section class=\"wpb-content-wrapper\"><p>[vc_row][vc_column][vc_column_text]<\/p>\n<p>Der Touristenverein &#8222;Asociaci\u00f3n de Turismo Rural Sur de \u201cEl Torcal\u201d ist im amtlichen Vereinsregister der Consejer\u00eda de Justicia y Administraci\u00f3n der Landesregierung Junta de Andalucia in M\u00e1laga registiriert unter der Regstriernummer 5672, mit N.I.F. G92296045, und  mit Sitz Pedan\u00eda La Higuera, Apartado de Correos 112, 29260 Antequera, M\u00e1laga.<\/p>\n<p>\u00a9 Copyright-Hinweis. Der Inhalt dieser Website ist Eigentum der &#8222;Asociaci\u00f3n de Turismo Rural Sur de \u201cEl Torcal\u201d. Ohne schriftliche Genehmigung durch die &#8222;Asociaci\u00f3n de Turismo Rural Sur de \u201cEl Torcal\u201d ist die ganze oder teilweise Vervielf\u00e4ltigung der Inhalte verboten. Die Reproduktion, Vervielf\u00e4ltigung, Verwendung, Vertrieb, Vermarktung, \u00f6ffentliche Kommunikation oder jede andere Aktivit\u00e4t, die man mit den Informationen des  Inhaltes dieser Webseite ohne Genehmigung der &#8222;Asociaci\u00f3n de Turismo Rural Sur de \u201cEl Torcal\u201d macht und realisiert ist ein Versto\u00df, der nach dem Gesetz verfolgt werden kann.<\/p>\n<p>[\/vc_column_text][\/vc_column][\/vc_row]<\/p>\n<\/section>","protected":false},"excerpt":{"rendered":"<p>[vc_row][vc_column][vc_column_text] Der Touristenverein &#8222;Asociaci\u00f3n de Turismo Rural Sur de \u201cEl Torcal\u201d ist im amtlichen Vereinsregister der Consejer\u00eda de Justicia y Administraci\u00f3n der Landesregierung Junta de Andalucia in M\u00e1laga registiriert unter der Regstriernummer 5672, mit N.I.F. G92296045, und mit Sitz Pedan\u00eda La Higuera, Apartado de Correos 112, 29260 Antequera, M\u00e1laga. \u00a9 Copyright-Hinweis. Der Inhalt dieser Website<\/p>\n<div class=\"padding-top text-center\"><a href=\"https:\/\/turismorural-eltorcal.com\/de\/ich-warne-gesetzlich\/\" class=\"atbtn atbtn--medium atbtn--rounded atbtn--transparent\">Read more<i class=\"atbtn__icon atbtn__icon--right fa fa-long-arrow-right\"><\/i><\/a><\/div>\n","protected":false},"author":6,"featured_media":0,"parent":0,"menu_order":0,"comment_status":"closed","ping_status":"closed","template":"","meta":{"footnotes":""},"class_list":["post-3974","page","type-page","status-publish","hentry"],"yoast_head":"<!-- This site is optimized with the Yoast SEO plugin v27.3 - https:\/\/yoast.com\/product\/yoast-seo-wordpress\/ -->\n<title>Ich warne gesetzlich - Turismo Rural Sur El Torcal<\/title>\n<meta name=\"robots\" content=\"index, follow, max-snippet:-1, max-image-preview:large, max-video-preview:-1\" \/>\n<link rel=\"canonical\" href=\"https:\/\/turismorural-eltorcal.com\/de\/ich-warne-gesetzlich\/\" \/>\n<meta property=\"og:locale\" content=\"de_DE\" \/>\n<meta property=\"og:type\" content=\"article\" \/>\n<meta property=\"og:title\" content=\"Ich warne gesetzlich - Turismo Rural Sur El Torcal\" \/>\n<meta property=\"og:description\" content=\"[vc_row][vc_column][vc_column_text] Der Touristenverein &#8222;Asociaci\u00f3n de Turismo Rural Sur de \u201cEl Torcal\u201d ist im amtlichen Vereinsregister der Consejer\u00eda de Justicia y Administraci\u00f3n der Landesregierung Junta de Andalucia in M\u00e1laga registiriert unter der Regstriernummer 5672, mit N.I.F. G92296045, und mit Sitz Pedan\u00eda La Higuera, Apartado de Correos 112, 29260 Antequera, M\u00e1laga. \u00a9 Copyright-Hinweis. Der Inhalt dieser WebsiteRead more\" \/>\n<meta property=\"og:url\" content=\"https:\/\/turismorural-eltorcal.com\/de\/ich-warne-gesetzlich\/\" \/>\n<meta property=\"og:site_name\" content=\"Turismo Rural Sur El Torcal\" \/>\n<meta property=\"article:publisher\" content=\"https:\/\/www.facebook.com\/turismoruraleltorcal\/\" \/>\n<meta property=\"article:modified_time\" content=\"2017-02-17T10:00:01+00:00\" \/>\n<meta name=\"twitter:card\" content=\"summary_large_image\" \/>\n<meta name=\"twitter:site\" content=\"@RuralTorcal\" \/>\n<meta name=\"twitter:label1\" content=\"Gesch\u00e4tzte Lesezeit\" \/>\n\t<meta name=\"twitter:data1\" content=\"1\u00a0Minute\" \/>\n<script type=\"application\/ld+json\" class=\"yoast-schema-graph\">{\"@context\":\"https:\\\/\\\/schema.org\",\"@graph\":[{\"@type\":\"WebPage\",\"@id\":\"https:\\\/\\\/turismorural-eltorcal.com\\\/de\\\/ich-warne-gesetzlich\\\/\",\"url\":\"https:\\\/\\\/turismorural-eltorcal.com\\\/de\\\/ich-warne-gesetzlich\\\/\",\"name\":\"Ich warne gesetzlich - Turismo Rural Sur El Torcal\",\"isPartOf\":{\"@id\":\"https:\\\/\\\/turismorural-eltorcal.com\\\/de\\\/#website\"},\"datePublished\":\"2017-02-07T12:33:22+00:00\",\"dateModified\":\"2017-02-17T10:00:01+00:00\",\"breadcrumb\":{\"@id\":\"https:\\\/\\\/turismorural-eltorcal.com\\\/de\\\/ich-warne-gesetzlich\\\/#breadcrumb\"},\"inLanguage\":\"de\",\"potentialAction\":[{\"@type\":\"ReadAction\",\"target\":[\"https:\\\/\\\/turismorural-eltorcal.com\\\/de\\\/ich-warne-gesetzlich\\\/\"]}]},{\"@type\":\"BreadcrumbList\",\"@id\":\"https:\\\/\\\/turismorural-eltorcal.com\\\/de\\\/ich-warne-gesetzlich\\\/#breadcrumb\",\"itemListElement\":[{\"@type\":\"ListItem\",\"position\":1,\"name\":\"Portada\",\"item\":\"https:\\\/\\\/turismorural-eltorcal.com\\\/de\\\/\"},{\"@type\":\"ListItem\",\"position\":2,\"name\":\"Ich warne gesetzlich\"}]},{\"@type\":\"WebSite\",\"@id\":\"https:\\\/\\\/turismorural-eltorcal.com\\\/de\\\/#website\",\"url\":\"https:\\\/\\\/turismorural-eltorcal.com\\\/de\\\/\",\"name\":\"Turismo Rural Sur El Torcal\",\"description\":\"Sie heiraten mit Charme in den Stellen von Torcal von Antequera l\u00e4ndlich\",\"publisher\":{\"@id\":\"https:\\\/\\\/turismorural-eltorcal.com\\\/de\\\/#organization\"},\"potentialAction\":[{\"@type\":\"SearchAction\",\"target\":{\"@type\":\"EntryPoint\",\"urlTemplate\":\"https:\\\/\\\/turismorural-eltorcal.com\\\/de\\\/?s={search_term_string}\"},\"query-input\":{\"@type\":\"PropertyValueSpecification\",\"valueRequired\":true,\"valueName\":\"search_term_string\"}}],\"inLanguage\":\"de\"},{\"@type\":\"Organization\",\"@id\":\"https:\\\/\\\/turismorural-eltorcal.com\\\/de\\\/#organization\",\"name\":\"Turismo Rural Sur El Torcal\",\"url\":\"https:\\\/\\\/turismorural-eltorcal.com\\\/de\\\/\",\"logo\":{\"@type\":\"ImageObject\",\"inLanguage\":\"de\",\"@id\":\"https:\\\/\\\/turismorural-eltorcal.com\\\/de\\\/#\\\/schema\\\/logo\\\/image\\\/\",\"url\":\"https:\\\/\\\/www.turismorural-eltorcal.com\\\/wp-content\\\/uploads\\\/turismo-rural-sur-el-torcal-logo.png\",\"contentUrl\":\"https:\\\/\\\/www.turismorural-eltorcal.com\\\/wp-content\\\/uploads\\\/turismo-rural-sur-el-torcal-logo.png\",\"width\":400,\"height\":50,\"caption\":\"Turismo Rural Sur El Torcal\"},\"image\":{\"@id\":\"https:\\\/\\\/turismorural-eltorcal.com\\\/de\\\/#\\\/schema\\\/logo\\\/image\\\/\"},\"sameAs\":[\"https:\\\/\\\/www.facebook.com\\\/turismoruraleltorcal\\\/\",\"https:\\\/\\\/x.com\\\/RuralTorcal\"]}]}<\/script>\n<!-- \/ Yoast SEO plugin. -->","yoast_head_json":{"title":"Ich warne gesetzlich - Turismo Rural Sur El Torcal","robots":{"index":"index","follow":"follow","max-snippet":"max-snippet:-1","max-image-preview":"max-image-preview:large","max-video-preview":"max-video-preview:-1"},"canonical":"https:\/\/turismorural-eltorcal.com\/de\/ich-warne-gesetzlich\/","og_locale":"de_DE","og_type":"article","og_title":"Ich warne gesetzlich - Turismo Rural Sur El Torcal","og_description":"[vc_row][vc_column][vc_column_text] Der Touristenverein &#8222;Asociaci\u00f3n de Turismo Rural Sur de \u201cEl Torcal\u201d ist im amtlichen Vereinsregister der Consejer\u00eda de Justicia y Administraci\u00f3n der Landesregierung Junta de Andalucia in M\u00e1laga registiriert unter der Regstriernummer 5672, mit N.I.F. G92296045, und mit Sitz Pedan\u00eda La Higuera, Apartado de Correos 112, 29260 Antequera, M\u00e1laga. \u00a9 Copyright-Hinweis. Der Inhalt dieser WebsiteRead more","og_url":"https:\/\/turismorural-eltorcal.com\/de\/ich-warne-gesetzlich\/","og_site_name":"Turismo Rural Sur El Torcal","article_publisher":"https:\/\/www.facebook.com\/turismoruraleltorcal\/","article_modified_time":"2017-02-17T10:00:01+00:00","twitter_card":"summary_large_image","twitter_site":"@RuralTorcal","twitter_misc":{"Gesch\u00e4tzte Lesezeit":"1\u00a0Minute"},"schema":{"@context":"https:\/\/schema.org","@graph":[{"@type":"WebPage","@id":"https:\/\/turismorural-eltorcal.com\/de\/ich-warne-gesetzlich\/","url":"https:\/\/turismorural-eltorcal.com\/de\/ich-warne-gesetzlich\/","name":"Ich warne gesetzlich - Turismo Rural Sur El Torcal","isPartOf":{"@id":"https:\/\/turismorural-eltorcal.com\/de\/#website"},"datePublished":"2017-02-07T12:33:22+00:00","dateModified":"2017-02-17T10:00:01+00:00","breadcrumb":{"@id":"https:\/\/turismorural-eltorcal.com\/de\/ich-warne-gesetzlich\/#breadcrumb"},"inLanguage":"de","potentialAction":[{"@type":"ReadAction","target":["https:\/\/turismorural-eltorcal.com\/de\/ich-warne-gesetzlich\/"]}]},{"@type":"BreadcrumbList","@id":"https:\/\/turismorural-eltorcal.com\/de\/ich-warne-gesetzlich\/#breadcrumb","itemListElement":[{"@type":"ListItem","position":1,"name":"Portada","item":"https:\/\/turismorural-eltorcal.com\/de\/"},{"@type":"ListItem","position":2,"name":"Ich warne gesetzlich"}]},{"@type":"WebSite","@id":"https:\/\/turismorural-eltorcal.com\/de\/#website","url":"https:\/\/turismorural-eltorcal.com\/de\/","name":"Turismo Rural Sur El Torcal","description":"Sie heiraten mit Charme in den Stellen von Torcal von Antequera l\u00e4ndlich","publisher":{"@id":"https:\/\/turismorural-eltorcal.com\/de\/#organization"},"potentialAction":[{"@type":"SearchAction","target":{"@type":"EntryPoint","urlTemplate":"https:\/\/turismorural-eltorcal.com\/de\/?s={search_term_string}"},"query-input":{"@type":"PropertyValueSpecification","valueRequired":true,"valueName":"search_term_string"}}],"inLanguage":"de"},{"@type":"Organization","@id":"https:\/\/turismorural-eltorcal.com\/de\/#organization","name":"Turismo Rural Sur El Torcal","url":"https:\/\/turismorural-eltorcal.com\/de\/","logo":{"@type":"ImageObject","inLanguage":"de","@id":"https:\/\/turismorural-eltorcal.com\/de\/#\/schema\/logo\/image\/","url":"https:\/\/www.turismorural-eltorcal.com\/wp-content\/uploads\/turismo-rural-sur-el-torcal-logo.png","contentUrl":"https:\/\/www.turismorural-eltorcal.com\/wp-content\/uploads\/turismo-rural-sur-el-torcal-logo.png","width":400,"height":50,"caption":"Turismo Rural Sur El Torcal"},"image":{"@id":"https:\/\/turismorural-eltorcal.com\/de\/#\/schema\/logo\/image\/"},"sameAs":["https:\/\/www.facebook.com\/turismoruraleltorcal\/","https:\/\/x.com\/RuralTorcal"]}]}},"_links":{"self":[{"href":"https:\/\/turismorural-eltorcal.com\/de\/wp-json\/wp\/v2\/pages\/3974","targetHints":{"allow":["GET"]}}],"collection":[{"href":"https:\/\/turismorural-eltorcal.com\/de\/wp-json\/wp\/v2\/pages"}],"about":[{"href":"https:\/\/turismorural-eltorcal.com\/de\/wp-json\/wp\/v2\/types\/page"}],"author":[{"embeddable":true,"href":"https:\/\/turismorural-eltorcal.com\/de\/wp-json\/wp\/v2\/users\/6"}],"replies":[{"embeddable":true,"href":"https:\/\/turismorural-eltorcal.com\/de\/wp-json\/wp\/v2\/comments?post=3974"}],"version-history":[{"count":2,"href":"https:\/\/turismorural-eltorcal.com\/de\/wp-json\/wp\/v2\/pages\/3974\/revisions"}],"predecessor-version":[{"id":4212,"href":"https:\/\/turismorural-eltorcal.com\/de\/wp-json\/wp\/v2\/pages\/3974\/revisions\/4212"}],"wp:attachment":[{"href":"https:\/\/turismorural-eltorcal.com\/de\/wp-json\/wp\/v2\/media?parent=3974"}],"curies":[{"name":"wp","href":"https:\/\/api.w.org\/{rel}","templated":true}]}}